{"id":7620,"date":"2023-11-22T20:18:51","date_gmt":"2023-11-22T19:18:51","guid":{"rendered":"https:\/\/www.mgcarclub.lu\/programma\/"},"modified":"2023-11-27T22:42:40","modified_gmt":"2023-11-27T21:42:40","slug":"programma","status":"publish","type":"page","link":"https:\/\/www.mgcarclub.lu\/nl\/programma\/","title":{"rendered":"Programma"},"content":{"rendered":"<div class=\"fusion-fullwidth fullwidth-box fusion-builder-row-1 fusion-flex-container has-pattern-background has-mask-background nonhundred-percent-fullwidth non-hundred-percent-height-scrolling\" style=\"--awb-border-radius-top-left:0px;--awb-border-radius-top-right:0px;--awb-border-radius-bottom-right:0px;--awb-border-radius-bottom-left:0px;--awb-padding-top:30px;--awb-padding-bottom:0px;--awb-flex-wrap:wrap;\" ><div class=\"fusion-builder-row fusion-row fusion-flex-align-items-flex-start fusion-flex-content-wrap\" style=\"max-width:1216.8px;margin-left: calc(-4% \/ 2 );margin-right: calc(-4% \/ 2 );\"><div class=\"fusion-layout-column fusion_builder_column fusion-builder-column-0 fusion_builder_column_1_6 1_6 fusion-flex-column\" style=\"--awb-bg-size:cover;--awb-width-large:16.666666666667%;--awb-margin-top-large:0px;--awb-spacing-right-large:11.52%;--awb-margin-bottom-large:20px;--awb-spacing-left-large:11.52%;--awb-width-medium:100%;--awb-order-medium:0;--awb-spacing-right-medium:1.92%;--awb-spacing-left-medium:1.92%;--awb-width-small:100%;--awb-order-small:0;--awb-spacing-right-small:1.92%;--awb-spacing-left-small:1.92%;\"><div class=\"fusion-column-wrapper fusion-column-has-shadow fusion-flex-justify-content-flex-start fusion-content-layout-column\"><\/div><\/div><div class=\"fusion-layout-column fusion_builder_column fusion-builder-column-1 fusion_builder_column_2_3 2_3 fusion-flex-column\" style=\"--awb-bg-size:cover;--awb-width-large:66.666666666667%;--awb-margin-top-large:0px;--awb-spacing-right-large:2.88%;--awb-margin-bottom-large:20px;--awb-spacing-left-large:2.88%;--awb-width-medium:100%;--awb-order-medium:0;--awb-spacing-right-medium:1.92%;--awb-spacing-left-medium:1.92%;--awb-width-small:100%;--awb-order-small:0;--awb-spacing-right-small:1.92%;--awb-spacing-left-small:1.92%;\" data-scroll-devices=\"small-visibility,medium-visibility,large-visibility\"><div class=\"fusion-column-wrapper fusion-column-has-shadow fusion-flex-justify-content-flex-start fusion-content-layout-column\"><div class=\"fusion-title title fusion-title-1 fusion-title-text fusion-title-size-one\" style=\"--awb-margin-top-small:0px;--awb-margin-bottom-small:20px;\"><div class=\"title-sep-container title-sep-container-left fusion-no-large-visibility fusion-no-medium-visibility fusion-no-small-visibility\"><div class=\"title-sep sep- sep-solid\" style=\"border-color:var(--awb-color3);\"><\/div><\/div><span class=\"awb-title-spacer fusion-no-large-visibility fusion-no-medium-visibility fusion-no-small-visibility\"><\/span><h1 class=\"fusion-title-heading title-heading-left fusion-responsive-typography-calculated\" style=\"margin:0;text-transform:none;--fontSize:36;line-height:var(--awb-typography1-line-height);\">Het programma<\/h1><span class=\"awb-title-spacer\"><\/span><div class=\"title-sep-container title-sep-container-right\"><div class=\"title-sep sep- sep-solid\" style=\"border-color:var(--awb-color3);\"><\/div><\/div><\/div><div class=\"fusion-text fusion-text-1 fusion-text-no-margin\" style=\"--awb-margin-bottom:30px;\"><p>We hebben geprobeerd een evenwichtig programma samen te stellen, zodat er voor elk wat wils is.<\/p>\n<p>E\u00e9n dag is gewijd aan de gemeenschap en \u00e9\u00e9n dag aan de ritten door ons mooie Luxemburg. Hier vind je een eerste opzet van het programma, dat bijna af is.<\/p>\n<\/div><div class=\"fusion-tabs fusion-tabs-1 classic nav-is-justified horizontal-tabs icon-position-left mobile-mode-accordion\" style=\"--awb-title-border-radius-top-left:0px;--awb-title-border-radius-top-right:0px;--awb-title-border-radius-bottom-right:0px;--awb-title-border-radius-bottom-left:0px;--awb-alignment:start;--awb-inactive-color:hsla(var(--awb-color8-h),var(--awb-color8-s),calc( var(--awb-color8-l) + 96% ),var(--awb-color8-a));--awb-background-color:var(--awb-color1);--awb-border-color:var(--awb-color3);--awb-active-border-color:var(--awb-color4);\"><div class=\"nav\"><ul class=\"nav-tabs nav-justified\" role=\"tablist\"><li class=\"active\" role=\"presentation\"><a class=\"tab-link\" data-toggle=\"tab\" role=\"tab\" aria-controls=\"tab-71adab4ecd321de7a10\" aria-selected=\"true\" id=\"fusion-tab-donderdag1augustus\" href=\"#tab-71adab4ecd321de7a10\"><h4 class=\"fusion-tab-heading\">Donderdag 1 augustus<\/h4><\/a><\/li><li role=\"presentation\"><a class=\"tab-link\" data-toggle=\"tab\" role=\"tab\" aria-controls=\"tab-a717d30d4e456b52e45\" aria-selected=\"false\" tabindex=\"-1\" id=\"fusion-tab-vrijdag2augustus\" href=\"#tab-a717d30d4e456b52e45\"><h4 class=\"fusion-tab-heading\">Vrijdag 2 augustus<\/h4><\/a><\/li><li role=\"presentation\"><a class=\"tab-link\" data-toggle=\"tab\" role=\"tab\" aria-controls=\"tab-f821af7018cfe905222\" aria-selected=\"false\" tabindex=\"-1\" id=\"fusion-tab-zaterdag3augustus\" href=\"#tab-f821af7018cfe905222\"><h4 class=\"fusion-tab-heading\">Zaterdag 3 augustus<\/h4><\/a><\/li><li role=\"presentation\"><a class=\"tab-link\" data-toggle=\"tab\" role=\"tab\" aria-controls=\"tab-ec5606113c0c9d31c75\" aria-selected=\"false\" tabindex=\"-1\" id=\"fusion-tab-zondag4augustus\" href=\"#tab-ec5606113c0c9d31c75\"><h4 class=\"fusion-tab-heading\">Zondag 4 augustus<\/h4><\/a><\/li><\/ul><\/div><div class=\"tab-content\"><div class=\"nav fusion-mobile-tab-nav\"><ul class=\"nav-tabs nav-justified\" role=\"tablist\"><li class=\"active\" role=\"presentation\"><a class=\"tab-link\" data-toggle=\"tab\" role=\"tab\" aria-controls=\"tab-71adab4ecd321de7a10\" aria-selected=\"true\" id=\"mobile-fusion-tab-donderdag1augustus\" href=\"#tab-71adab4ecd321de7a10\"><h4 class=\"fusion-tab-heading\">Donderdag 1 augustus<\/h4><\/a><\/li><\/ul><\/div><div class=\"tab-pane fade fusion-clearfix in active\" role=\"tabpanel\" tabindex=\"0\" aria-labelledby=\"fusion-tab-donderdag1augustus\" id=\"tab-71adab4ecd321de7a10\">\n<h3>Aankomst van de deelnemers<\/h3>\n<table border=\"0\" width=\"100%\">\n<tbody>\n<tr>\n<td width=\"50%\">Sommige van onze buurclubs plannen een rally naar Luxemburg en de clubs uit Nederland en Frankrijk zijn al druk bezig met plannen. We denken aan een straal van 150 kilometer rond het Parc Hotel Alvisse, wat resulteert in vertrekpunten zoals Maastricht (NL), Namen of Charleroi (B), Reims of Straatsburg (FR), of zelfs Keulen, Bonn of Kaiserslautern. Meer informatie volgt later, aangezien de individuele clubs nog wat tijd nodig hebben om te plannen.<\/td>\n<td width=\"50%\"><img class=\"lazyload\" decoding=\"async\" src=\"data:image\/svg+xml,%3Csvg%20xmlns%3D%27http%3A%2F%2Fwww.w3.org%2F2000%2Fsvg%27%20width%3D%27400%27%20height%3D%27400%27%20viewBox%3D%270%200%20400%20400%27%3E%3Crect%20width%3D%27400%27%20height%3D%27400%27%20fill-opacity%3D%220%22%2F%3E%3C%2Fsvg%3E\" data-orig-src=\"https:\/\/www.mgcarclub.lu\/wp-content\/uploads\/2023\/11\/staerentour_temp1.png\"><\/td>\n<\/tr>\n<\/tbody>\n<\/table>\n<h4>Vanaf 16:00<\/h4>\n<p>Aankomst van de deelnemers in het Parc Hotel Alvisse in Dommeldange. We verwelkomen je met een drankje en kunnen samen wat tijd doorbrengen in de bar van het hotel.<\/p>\n<h4>20:00<\/h4>\n<p>Samen eten in een ontspannen sfeer. Het hotel serveert een gevarieerd sandwichbuffet met salades en dessert. Standaard drankjes en koffie zijn inbegrepen tot 23:00 uur.<\/p>\n<\/div><div class=\"nav fusion-mobile-tab-nav\"><ul class=\"nav-tabs nav-justified\" role=\"tablist\"><li role=\"presentation\"><a class=\"tab-link\" data-toggle=\"tab\" role=\"tab\" aria-controls=\"tab-a717d30d4e456b52e45\" aria-selected=\"false\" tabindex=\"-1\" id=\"mobile-fusion-tab-vrijdag2augustus\" href=\"#tab-a717d30d4e456b52e45\"><h4 class=\"fusion-tab-heading\">Vrijdag 2 augustus<\/h4><\/a><\/li><\/ul><\/div><div class=\"tab-pane fade fusion-clearfix\" role=\"tabpanel\" tabindex=\"0\" aria-labelledby=\"fusion-tab-vrijdag2augustus\" id=\"tab-a717d30d4e456b52e45\">\n<h3>Dag van de Gemeenschap<\/h3>\n<h4>Vanaf 7:00<\/h4>\n<p>Ontbijt: wie niet in het Parc Hotel verblijft, kan apart een ontbijt boeken.<\/p>\n<h4>Rond 9:00<\/h4>\n<p>Vertrek naar Mondercange. We rijden samen door de stad Luxemburg en naar de kartbaan in Mondercange.<\/p>\n<h4>11:00 &#8211; 15:00<br \/>\nWe brengen de dag samen door in Mondercange, waar we verschillende activiteiten plannen, bijv.<\/h4>\n<p>&#8211; Rocker Cover Race<br \/>\n&#8211; Concours d&#8217;\u00e9l\u00e9gance \/ Pride of Ownership<br \/>\n&#8211; Ghymkhana<br \/>\n&#8211; Karten (beperkte beschikbaarheid)<br \/>\n&#8211; Regelmatigheidstests met onze MG&#8217;s op de kartbaan<\/p>\n<p>en andere hoogtepunten.<\/p>\n<p>We hebben een klein lunchpakket ter plaatse tijdens de lunchpauze.<\/p>\n<h4>15:00<\/h4>\n<p>Vertrek uit Mondercange. We rijden naar prachtige plekjes in het zuiden van het land en plannen een sneak preview van een attractie die in 2025 wordt geopend. Hierover later meer.<\/p>\n<h4>Rond 18:00<\/h4>\n<p>Aankomst in het Parc Hotel Alvisse, of uw respectieve hotels.<\/p>\n<h4>20:00<\/h4>\n<p>Gezamenlijk diner in het Parc Hotel Alvisse, met een uitgebreid buffet. Standaard drankjes en koffie met dessert zijn inbegrepen tot 23:00 uur.<\/p>\n<\/div><div class=\"nav fusion-mobile-tab-nav\"><ul class=\"nav-tabs nav-justified\" role=\"tablist\"><li role=\"presentation\"><a class=\"tab-link\" data-toggle=\"tab\" role=\"tab\" aria-controls=\"tab-f821af7018cfe905222\" aria-selected=\"false\" tabindex=\"-1\" id=\"mobile-fusion-tab-zaterdag3augustus\" href=\"#tab-f821af7018cfe905222\"><h4 class=\"fusion-tab-heading\">Zaterdag 3 augustus<\/h4><\/a><\/li><\/ul><\/div><div class=\"tab-pane fade fusion-clearfix\" role=\"tabpanel\" tabindex=\"0\" aria-labelledby=\"fusion-tab-zaterdag3augustus\" id=\"tab-f821af7018cfe905222\">\n<h3 class=\"fusion-responsive-typography-calculated\" data-fontsize=\"18\" data-lineheight=\"24.3px\">Ontdekkingsdag Luxemburg<\/h3>\n<h4>Vanaf 7:00<\/h4>\n<p>Ontbijt: wie niet in het Parc Hotel verblijft, kan apart een ontbijt boeken.<\/p>\n<h4 class=\"fusion-responsive-typography-calculated\" data-fontsize=\"18\" data-lineheight=\"24.3px\">Rond 9:00<\/h4>\n<p>We nemen twee verschillende routes (Classic en Comfort) en rijden samen in twee verschillende richtingen op een ontdekkingstocht door het Luxemburgse platteland. Hoogtepunten zijn de \u00d6sling en de Moezel.<br \/>\nWe markeren de mooiste bezienswaardigheden en uitzichtpunten langs de route in je roadbook, die je op eigen houtje kunt verkennen.<br \/>\nHalverwege onze tochten ontmoeten we elkaar in Berdorf, waar we genieten van een lichte lunch.<\/p>\n<div class=\"fusion-image-before-after-wrapper fusion-image-before-after-horizontal type-before-after hover-type-together has-alignment align-center fusion-image-before-after-wrapper-1\" style=\"--awb-font-size:14px;--awb-bordersize:0px;--awb-accent-color-bg:hsla(var(--awb-color1-h),var(--awb-color1-s),var(--awb-color1-l),calc(var(--awb-color1-a) - 85%));--awb-element-width:100%;--awb-element-max-width:400px;--awb-transition-time:0.5s;\"><div class=\"fusion-image-before-after-element fusion-image-before-after fusion-image-before-after-container fusion-image-before-after-1\" data-offset=\"0.5\" data-orientation=\"horizontal\" data-move-with-handle-only=\"true\" data-click-to-move=\"true\"><img decoding=\"async\" class=\"fusion-image-before-after-before lazyload\" src=\"data:image\/svg+xml,%3Csvg%20xmlns%3D%27http%3A%2F%2Fwww.w3.org%2F2000%2Fsvg%27%20width%3D%27350%27%20height%3D%27502%27%20viewBox%3D%270%200%20350%20502%27%3E%3Crect%20width%3D%27350%27%20height%3D%27502%27%20fill-opacity%3D%220%22%2F%3E%3C%2Fsvg%3E\" width=\"350\" height=\"502\" data-orig-src=\"https:\/\/www.mgcarclub.lu\/wp-content\/uploads\/2023\/11\/regular_route.jpg\"><img decoding=\"async\" class=\"fusion-image-before-after-after lazyload\" src=\"data:image\/svg+xml,%3Csvg%20xmlns%3D%27http%3A%2F%2Fwww.w3.org%2F2000%2Fsvg%27%20width%3D%27350%27%20height%3D%27502%27%20viewBox%3D%270%200%20350%20502%27%3E%3Crect%20width%3D%27350%27%20height%3D%27502%27%20fill-opacity%3D%220%22%2F%3E%3C%2Fsvg%3E\" width=\"350\" height=\"502\" data-orig-src=\"https:\/\/www.mgcarclub.lu\/wp-content\/uploads\/2023\/11\/comfort_route.jpg\"><div class=\"fusion-image-before-after-handle fusion-image-before-after-handle-default\"><span class=\"fusion-image-before-after-left-arrow\"><\/span><span class=\"fusion-image-before-after-right-arrow\"><\/span><\/div><\/div><\/div>\n<h4>Rond 17:00<\/h4>\n<p>Aankomst in Park Hotel Alvisse of uw respectieve hotels.<\/p>\n<h4>Vanaf 19:00<\/h4>\n<p>Aperitief in de bar en lobby van het hotel. Samen zullen we de dag doornemen.<\/p>\n<h4>Vanaf 20:00<\/h4>\n<p>Galadiner met voor- en hoofdgerecht van het buffet. Koffie voor het dessert en standaard drankjes zijn inbegrepen tot 1.00 uur!<\/p>\n<p>We organiseren de avond met onderhoudende speeches, muziek en een fotokist. We verzinnen wel iets speciaals&#8230; :-)<\/p>\n<\/div><div class=\"nav fusion-mobile-tab-nav\"><ul class=\"nav-tabs nav-justified\" role=\"tablist\"><li role=\"presentation\"><a class=\"tab-link\" data-toggle=\"tab\" role=\"tab\" aria-controls=\"tab-ec5606113c0c9d31c75\" aria-selected=\"false\" tabindex=\"-1\" id=\"mobile-fusion-tab-zondag4augustus\" href=\"#tab-ec5606113c0c9d31c75\"><h4 class=\"fusion-tab-heading\">Zondag 4 augustus<\/h4><\/a><\/li><\/ul><\/div><div class=\"tab-pane fade fusion-clearfix\" role=\"tabpanel\" tabindex=\"0\" aria-labelledby=\"fusion-tab-zondag4augustus\" id=\"tab-ec5606113c0c9d31c75\">\n<h3>Afscheid en optioneel programma<\/h3>\n<h4>Vanaf 7:00<\/h4>\n<p>Een laatste ontbijt. Nogmaals, als je niet in het Parc Hotel verblijft, kun je apart een ontbijt boeken.<\/p>\n<h4 class=\"fusion-responsive-typography-calculated\" data-fontsize=\"18\" data-lineheight=\"24.3px\">Rond 9:00<\/h4>\n<p>Op dit punt nemen we afscheid van de eerste deelnemers en sluiten we het offici\u00eble gedeelte van het Europese Evenement van het Jaar af.<\/p>\n<p>Er zijn verschillende opties voor zondag, die we op dit moment nog aan het uitwerken zijn. Dit kunnen rondleidingen door Luxemburg zijn of een bezoek aan het &#8220;Vintage Cars and Bikes&#8221; festival in Steinfort, waar we met onze auto&#8217;s naartoe rijden. Een eindrit met onze auto&#8217;s zou ook mogelijk zijn.<\/p>\n<p>Eventuele kosten voor sightseeing of iets anders zijn nog niet bij de prijs inbegrepen en kunnen op een later tijdstip geboekt worden.<\/p>\n<\/div><\/div><\/div><\/div><\/div><div class=\"fusion-layout-column fusion_builder_column fusion-builder-column-2 fusion_builder_column_1_6 1_6 fusion-flex-column\" style=\"--awb-bg-size:cover;--awb-width-large:16.666666666667%;--awb-margin-top-large:0px;--awb-spacing-right-large:11.52%;--awb-margin-bottom-large:20px;--awb-spacing-left-large:11.52%;--awb-width-medium:100%;--awb-order-medium:0;--awb-spacing-right-medium:1.92%;--awb-spacing-left-medium:1.92%;--awb-width-small:100%;--awb-order-small:0;--awb-spacing-right-small:1.92%;--awb-spacing-left-small:1.92%;\"><div class=\"fusion-column-wrapper fusion-column-has-shadow fusion-flex-justify-content-flex-start fusion-content-layout-column\"><\/div><\/div><\/div><\/div>\n","protected":false},"excerpt":{"rendered":"","protected":false},"author":1,"featured_media":0,"parent":0,"menu_order":0,"comment_status":"closed","ping_status":"closed","template":"100-width.php","meta":{"footnotes":""},"class_list":["post-7620","page","type-page","status-publish","hentry"],"_links":{"self":[{"href":"https:\/\/www.mgcarclub.lu\/nl\/wp-json\/wp\/v2\/pages\/7620","targetHints":{"allow":["GET"]}}],"collection":[{"href":"https:\/\/www.mgcarclub.lu\/nl\/wp-json\/wp\/v2\/pages"}],"about":[{"href":"https:\/\/www.mgcarclub.lu\/nl\/wp-json\/wp\/v2\/types\/page"}],"author":[{"embeddable":true,"href":"https:\/\/www.mgcarclub.lu\/nl\/wp-json\/wp\/v2\/users\/1"}],"replies":[{"embeddable":true,"href":"https:\/\/www.mgcarclub.lu\/nl\/wp-json\/wp\/v2\/comments?post=7620"}],"version-history":[{"count":6,"href":"https:\/\/www.mgcarclub.lu\/nl\/wp-json\/wp\/v2\/pages\/7620\/revisions"}],"predecessor-version":[{"id":7692,"href":"https:\/\/www.mgcarclub.lu\/nl\/wp-json\/wp\/v2\/pages\/7620\/revisions\/7692"}],"wp:attachment":[{"href":"https:\/\/www.mgcarclub.lu\/nl\/wp-json\/wp\/v2\/media?parent=7620"}],"curies":[{"name":"wp","href":"https:\/\/api.w.org\/{rel}","templated":true}]}}