{"id":8621,"date":"2024-10-28T12:25:02","date_gmt":"2024-10-28T11:25:02","guid":{"rendered":"https:\/\/www.mgcarclub.lu\/matdeelong-aktuell-ce-nest-pas-un-adieu-cest-un-au-revoir\/"},"modified":"2024-10-28T12:33:27","modified_gmt":"2024-10-28T11:33:27","slug":"matdeelong-aktuell-ce-nest-pas-un-adieu-cest-un-au-revoir","status":"publish","type":"page","link":"https:\/\/www.mgcarclub.lu\/fr\/matdeelong-aktuell-ce-nest-pas-un-adieu-cest-un-au-revoir\/","title":{"rendered":"MatdeelonG Aktuell &#8211; Ce n&rsquo;est pas un adieu, c&rsquo;est un au revoir !"},"content":{"rendered":"<div class=\"fusion-fullwidth fullwidth-box fusion-builder-row-1 fusion-flex-container has-pattern-background has-mask-background nonhundred-percent-fullwidth non-hundred-percent-height-scrolling\" style=\"--awb-border-radius-top-left:0px;--awb-border-radius-top-right:0px;--awb-border-radius-bottom-right:0px;--awb-border-radius-bottom-left:0px;--awb-flex-wrap:wrap;\" ><div class=\"fusion-builder-row fusion-row fusion-flex-align-items-flex-start fusion-flex-content-wrap\" style=\"max-width:1216.8px;margin-left: calc(-4% \/ 2 );margin-right: calc(-4% \/ 2 );\"><div class=\"fusion-layout-column fusion_builder_column fusion-builder-column-0 fusion_builder_column_1_4 1_4 fusion-flex-column\" style=\"--awb-bg-size:cover;--awb-width-large:25%;--awb-margin-top-large:0px;--awb-spacing-right-large:7.68%;--awb-margin-bottom-large:20px;--awb-spacing-left-large:7.68%;--awb-width-medium:100%;--awb-order-medium:0;--awb-spacing-right-medium:1.92%;--awb-spacing-left-medium:1.92%;--awb-width-small:100%;--awb-order-small:0;--awb-spacing-right-small:1.92%;--awb-spacing-left-small:1.92%;\"><div class=\"fusion-column-wrapper fusion-column-has-shadow fusion-flex-justify-content-flex-start fusion-content-layout-column\"><\/div><\/div><div class=\"fusion-layout-column fusion_builder_column fusion-builder-column-1 fusion_builder_column_1_2 1_2 fusion-flex-column\" style=\"--awb-bg-size:cover;--awb-width-large:50%;--awb-margin-top-large:0px;--awb-spacing-right-large:3.84%;--awb-margin-bottom-large:20px;--awb-spacing-left-large:3.84%;--awb-width-medium:100%;--awb-order-medium:0;--awb-spacing-right-medium:1.92%;--awb-spacing-left-medium:1.92%;--awb-width-small:100%;--awb-order-small:0;--awb-spacing-right-small:1.92%;--awb-spacing-left-small:1.92%;\"><div class=\"fusion-column-wrapper fusion-column-has-shadow fusion-flex-justify-content-flex-start fusion-content-layout-column\"><div class=\"fusion-image-element \" style=\"--awb-caption-title-font-family:var(--h2_typography-font-family);--awb-caption-title-font-weight:var(--h2_typography-font-weight);--awb-caption-title-font-style:var(--h2_typography-font-style);--awb-caption-title-size:var(--h2_typography-font-size);--awb-caption-title-transform:var(--h2_typography-text-transform);--awb-caption-title-line-height:var(--h2_typography-line-height);--awb-caption-title-letter-spacing:var(--h2_typography-letter-spacing);\"><span class=\" fusion-imageframe imageframe-none imageframe-1 hover-type-none\"><img decoding=\"async\" width=\"640\" height=\"159\" title=\"Time_to_say_goodbye-2\" src=\"https:\/\/www.mgcarclub.lu\/wp-content\/uploads\/2024\/10\/Time_to_say_goodbye-2.jpg\" data-orig-src=\"https:\/\/www.mgcarclub.lu\/wp-content\/uploads\/2024\/10\/Time_to_say_goodbye-2.jpg\" alt class=\"lazyload img-responsive wp-image-8617\" srcset=\"data:image\/svg+xml,%3Csvg%20xmlns%3D%27http%3A%2F%2Fwww.w3.org%2F2000%2Fsvg%27%20width%3D%27640%27%20height%3D%27159%27%20viewBox%3D%270%200%20640%20159%27%3E%3Crect%20width%3D%27640%27%20height%3D%27159%27%20fill-opacity%3D%220%22%2F%3E%3C%2Fsvg%3E\" data-srcset=\"https:\/\/www.mgcarclub.lu\/wp-content\/uploads\/2024\/10\/Time_to_say_goodbye-2-200x50.jpg 200w, https:\/\/www.mgcarclub.lu\/wp-content\/uploads\/2024\/10\/Time_to_say_goodbye-2-400x99.jpg 400w, https:\/\/www.mgcarclub.lu\/wp-content\/uploads\/2024\/10\/Time_to_say_goodbye-2-600x149.jpg 600w, https:\/\/www.mgcarclub.lu\/wp-content\/uploads\/2024\/10\/Time_to_say_goodbye-2.jpg 640w\" data-sizes=\"auto\" data-orig-sizes=\"(max-width: 1024px) 100vw, (max-width: 640px) 100vw, 600px\" \/><\/span><\/div><div class=\"fusion-text fusion-text-1\" style=\"--awb-margin-top:30px;\"><p>Cher membre,<\/p>\n<p>Nous nous adressons \u00e0 toi aujourd&rsquo;hui pour clarifier un point important concernant ton adh\u00e9sion au MG Car Club Luxembourg. Comme tu le sais, devenir membre de notre club est une fa\u00e7on de soutenir la communaut\u00e9 MG au Luxembourg, de partager des exp\u00e9riences et de participer aux diff\u00e9rents \u00e9v\u00e9nements.<\/p>\n<p>Nous t&rsquo;avons \u00e9crit il y a quelque temps pour te dire que nous \u00e9tions en train de r\u00e9viser nos listes de membres et que nous avions constat\u00e9 que de nombreux membres n&rsquo;avaient pas pay\u00e9 leur cotisation actuelle ni les cotisations pass\u00e9es. Nous t&rsquo;avons donc demand\u00e9 de le faire le plus rapidement possible.<\/p>\n<p>Malheureusement, nous n&rsquo;avons pas encore re\u00e7u les cotisations des membres et tu n&rsquo;as pas r\u00e9pondu \u00e0 notre message.<\/p>\n<p>Nous comprenons cependant que les circonstances peuvent changer et qu&rsquo;il peut y avoir diff\u00e9rentes raisons pour lesquelles les cotisations n&rsquo;ont pas \u00e9t\u00e9 pay\u00e9es. Par respect pour ceux qui paient r\u00e9guli\u00e8rement leurs cotisations, nous cessons d\u00e8s maintenant toute communication avec toi et te supprimerons de la liste des membres \u00e0 la fin de l&rsquo;ann\u00e9e associative. Cela signifie qu&rsquo;\u00e0 l&rsquo;avenir, tu ne recevras pas de nouvelles du club, d&rsquo;invitations \u00e0 des \u00e9v\u00e9nements ou d&rsquo;autres informations de notre part.<\/p>\n<p>Si tu d\u00e9cides de poursuivre ton adh\u00e9sion au MG Car Club Luxembourg, tu es invit\u00e9 \u00e0 payer ta cotisation &#8211; dans ce cas, merci de nous contacter. Nous esp\u00e9rons que ce n&rsquo;est pas un adieu, mais un \u00ab \u00e0 bient\u00f4t \u00bb et \u00ab \u00e0 la prochaine \u00bb.<\/p>\n<p>Avec mes meilleures salutations,<br \/>\nSonia Mailliet<br \/>\nPr\u00e9sidente de MG CC Luxembourg<\/p>\n<\/div><\/div><\/div><div class=\"fusion-layout-column fusion_builder_column fusion-builder-column-2 fusion_builder_column_1_4 1_4 fusion-flex-column\" style=\"--awb-bg-size:cover;--awb-width-large:25%;--awb-margin-top-large:0px;--awb-spacing-right-large:7.68%;--awb-margin-bottom-large:20px;--awb-spacing-left-large:7.68%;--awb-width-medium:100%;--awb-order-medium:0;--awb-spacing-right-medium:1.92%;--awb-spacing-left-medium:1.92%;--awb-width-small:100%;--awb-order-small:0;--awb-spacing-right-small:1.92%;--awb-spacing-left-small:1.92%;\"><div class=\"fusion-column-wrapper fusion-column-has-shadow fusion-flex-justify-content-flex-start fusion-content-layout-column\"><\/div><\/div><\/div><\/div>\n","protected":false},"excerpt":{"rendered":"","protected":false},"author":1,"featured_media":0,"parent":0,"menu_order":0,"comment_status":"closed","ping_status":"closed","template":"","meta":{"footnotes":""},"class_list":["post-8621","page","type-page","status-publish","hentry"],"_links":{"self":[{"href":"https:\/\/www.mgcarclub.lu\/fr\/wp-json\/wp\/v2\/pages\/8621","targetHints":{"allow":["GET"]}}],"collection":[{"href":"https:\/\/www.mgcarclub.lu\/fr\/wp-json\/wp\/v2\/pages"}],"about":[{"href":"https:\/\/www.mgcarclub.lu\/fr\/wp-json\/wp\/v2\/types\/page"}],"author":[{"embeddable":true,"href":"https:\/\/www.mgcarclub.lu\/fr\/wp-json\/wp\/v2\/users\/1"}],"replies":[{"embeddable":true,"href":"https:\/\/www.mgcarclub.lu\/fr\/wp-json\/wp\/v2\/comments?post=8621"}],"version-history":[{"count":5,"href":"https:\/\/www.mgcarclub.lu\/fr\/wp-json\/wp\/v2\/pages\/8621\/revisions"}],"predecessor-version":[{"id":8628,"href":"https:\/\/www.mgcarclub.lu\/fr\/wp-json\/wp\/v2\/pages\/8621\/revisions\/8628"}],"wp:attachment":[{"href":"https:\/\/www.mgcarclub.lu\/fr\/wp-json\/wp\/v2\/media?parent=8621"}],"curies":[{"name":"wp","href":"https:\/\/api.w.org\/{rel}","templated":true}]}}