{"id":8307,"date":"2024-04-23T20:21:58","date_gmt":"2024-04-23T18:21:58","guid":{"rendered":"https:\/\/www.mgcarclub.lu\/matdeelong-aktuell-05-2024\/"},"modified":"2024-04-23T20:43:41","modified_gmt":"2024-04-23T18:43:41","slug":"matdeelong-aktuell-05-2024","status":"publish","type":"page","link":"https:\/\/www.mgcarclub.lu\/fr\/matdeelong-aktuell-05-2024\/","title":{"rendered":"MatdeelonG Aktuell &#8211; 05\/2024"},"content":{"rendered":"<div class=\"fusion-fullwidth fullwidth-box fusion-builder-row-1 fusion-flex-container has-pattern-background has-mask-background nonhundred-percent-fullwidth non-hundred-percent-height-scrolling\" style=\"--awb-border-radius-top-left:0px;--awb-border-radius-top-right:0px;--awb-border-radius-bottom-right:0px;--awb-border-radius-bottom-left:0px;--awb-flex-wrap:wrap;\" ><div class=\"fusion-builder-row fusion-row fusion-flex-align-items-flex-start fusion-flex-content-wrap\" style=\"max-width:1216.8px;margin-left: calc(-4% \/ 2 );margin-right: calc(-4% \/ 2 );\"><div class=\"fusion-layout-column fusion_builder_column fusion-builder-column-0 fusion_builder_column_1_4 1_4 fusion-flex-column\" style=\"--awb-bg-size:cover;--awb-width-large:25%;--awb-margin-top-large:0px;--awb-spacing-right-large:7.68%;--awb-margin-bottom-large:20px;--awb-spacing-left-large:7.68%;--awb-width-medium:100%;--awb-order-medium:0;--awb-spacing-right-medium:1.92%;--awb-spacing-left-medium:1.92%;--awb-width-small:100%;--awb-order-small:0;--awb-spacing-right-small:1.92%;--awb-spacing-left-small:1.92%;\"><div class=\"fusion-column-wrapper fusion-column-has-shadow fusion-flex-justify-content-flex-start fusion-content-layout-column\"><\/div><\/div><div class=\"fusion-layout-column fusion_builder_column fusion-builder-column-1 fusion_builder_column_1_2 1_2 fusion-flex-column\" style=\"--awb-bg-size:cover;--awb-width-large:50%;--awb-margin-top-large:0px;--awb-spacing-right-large:3.84%;--awb-margin-bottom-large:20px;--awb-spacing-left-large:3.84%;--awb-width-medium:100%;--awb-order-medium:0;--awb-spacing-right-medium:1.92%;--awb-spacing-left-medium:1.92%;--awb-width-small:100%;--awb-order-small:0;--awb-spacing-right-small:1.92%;--awb-spacing-left-small:1.92%;\"><div class=\"fusion-column-wrapper fusion-column-has-shadow fusion-flex-justify-content-flex-start fusion-content-layout-column\"><div class=\"fusion-image-element \" style=\"--awb-caption-title-font-family:var(--h2_typography-font-family);--awb-caption-title-font-weight:var(--h2_typography-font-weight);--awb-caption-title-font-style:var(--h2_typography-font-style);--awb-caption-title-size:var(--h2_typography-font-size);--awb-caption-title-transform:var(--h2_typography-text-transform);--awb-caption-title-line-height:var(--h2_typography-line-height);--awb-caption-title-letter-spacing:var(--h2_typography-letter-spacing);\"><span class=\" fusion-imageframe imageframe-none imageframe-1 hover-type-none\"><img decoding=\"async\" width=\"570\" height=\"258\" src=\"https:\/\/www.mgcarclub.lu\/wp-content\/uploads\/2022\/11\/Matdeelong_Aktuell_Banner_2.png\" data-orig-src=\"https:\/\/www.mgcarclub.lu\/wp-content\/uploads\/2022\/11\/Matdeelong_Aktuell_Banner_2.png\" alt class=\"lazyload img-responsive wp-image-5779\" srcset=\"data:image\/svg+xml,%3Csvg%20xmlns%3D%27http%3A%2F%2Fwww.w3.org%2F2000%2Fsvg%27%20width%3D%27570%27%20height%3D%27258%27%20viewBox%3D%270%200%20570%20258%27%3E%3Crect%20width%3D%27570%27%20height%3D%27258%27%20fill-opacity%3D%220%22%2F%3E%3C%2Fsvg%3E\" data-srcset=\"https:\/\/www.mgcarclub.lu\/wp-content\/uploads\/2022\/11\/Matdeelong_Aktuell_Banner_2-200x91.png 200w, https:\/\/www.mgcarclub.lu\/wp-content\/uploads\/2022\/11\/Matdeelong_Aktuell_Banner_2-400x181.png 400w, https:\/\/www.mgcarclub.lu\/wp-content\/uploads\/2022\/11\/Matdeelong_Aktuell_Banner_2.png 570w\" data-sizes=\"auto\" data-orig-sizes=\"(max-width: 1024px) 100vw, (max-width: 640px) 100vw, 570px\" \/><\/span><\/div><div class=\"fusion-title title fusion-title-1 fusion-title-text fusion-title-size-three\" style=\"--awb-margin-top-small:0px;--awb-margin-bottom-small:20px;\"><div class=\"title-sep-container title-sep-container-left\"><div class=\"title-sep sep- sep-solid\" style=\"border-color:var(--awb-color3);\"><\/div><\/div><span class=\"awb-title-spacer\"><\/span><h3 class=\"fusion-title-heading title-heading-right fusion-responsive-typography-calculated\" style=\"margin:0;text-transform:capitalize;--fontSize:25;line-height:var(--awb-typography1-line-height);\"><p style=\"text-align: right;\">05\/2024<\/p><\/h3><span class=\"awb-title-spacer fusion-no-large-visibility fusion-no-medium-visibility fusion-no-small-visibility\"><\/span><div class=\"title-sep-container title-sep-container-right fusion-no-large-visibility fusion-no-medium-visibility fusion-no-small-visibility\"><div class=\"title-sep sep- sep-solid\" style=\"border-color:var(--awb-color3);\"><\/div><\/div><\/div><div class=\"fusion-image-element \" style=\"text-align:center;--awb-caption-title-font-family:var(--h2_typography-font-family);--awb-caption-title-font-weight:var(--h2_typography-font-weight);--awb-caption-title-font-style:var(--h2_typography-font-style);--awb-caption-title-size:var(--h2_typography-font-size);--awb-caption-title-transform:var(--h2_typography-text-transform);--awb-caption-title-line-height:var(--h2_typography-line-height);--awb-caption-title-letter-spacing:var(--h2_typography-letter-spacing);\"><span class=\" fusion-imageframe imageframe-none imageframe-2 hover-type-none\"><img decoding=\"async\" width=\"600\" height=\"312\" title=\"EEOTY-Spaces-Available\" src=\"https:\/\/www.mgcarclub.lu\/wp-content\/uploads\/2024\/04\/EEOTY-Spaces-Available.jpg\" data-orig-src=\"https:\/\/www.mgcarclub.lu\/wp-content\/uploads\/2024\/04\/EEOTY-Spaces-Available.jpg\" alt class=\"lazyload img-responsive wp-image-8277\" srcset=\"data:image\/svg+xml,%3Csvg%20xmlns%3D%27http%3A%2F%2Fwww.w3.org%2F2000%2Fsvg%27%20width%3D%27600%27%20height%3D%27312%27%20viewBox%3D%270%200%20600%20312%27%3E%3Crect%20width%3D%27600%27%20height%3D%27312%27%20fill-opacity%3D%220%22%2F%3E%3C%2Fsvg%3E\" data-srcset=\"https:\/\/www.mgcarclub.lu\/wp-content\/uploads\/2024\/04\/EEOTY-Spaces-Available-200x104.jpg 200w, https:\/\/www.mgcarclub.lu\/wp-content\/uploads\/2024\/04\/EEOTY-Spaces-Available-400x208.jpg 400w, https:\/\/www.mgcarclub.lu\/wp-content\/uploads\/2024\/04\/EEOTY-Spaces-Available.jpg 600w\" data-sizes=\"auto\" data-orig-sizes=\"(max-width: 1024px) 100vw, (max-width: 640px) 100vw, 600px\" \/><\/span><\/div><div class=\"fusion-text fusion-text-1\" style=\"--awb-margin-top:30px;\"><h3>L&rsquo;inscription est \u00e0 nouveau possible !<\/h3>\n<h2>European Event of the Year &#8211; du 1er au 4 ao\u00fbt 2024<\/h2>\n<p>Quelques places sont \u00e0 nouveau disponibles !<\/p>\n<p>Nous avons eu quelques annulations et fausses r\u00e9servations, ce qui nous permet d&rsquo;accepter quelques participants de plus pour l&rsquo;\u00e9v\u00e9nement europ\u00e9en de l&rsquo;ann\u00e9e, qui se d\u00e9roulera du 1er au 4 ao\u00fbt.<\/p>\n<p><strong><a href=\"https:\/\/form.jotform.com\/240982602910353\">Ce lien vous permettra de consulter le programme complet et de vous inscrire d\u00e8s maintenant \u00e0 l&rsquo;\u00e9v\u00e9nement europ\u00e9en !<\/a><\/strong><\/p>\n<\/div><div class=\"fusion-separator fusion-full-width-sep\" style=\"align-self: center;margin-left: auto;margin-right: auto;margin-top:10px;margin-bottom:40px;width:100%;\"><div class=\"fusion-separator-border sep-single sep-solid\" style=\"--awb-height:20px;--awb-amount:20px;--awb-sep-color:#000000;border-color:#000000;border-top-width:1px;\"><\/div><\/div><div class=\"fusion-image-element \" style=\"text-align:center;--awb-caption-title-font-family:var(--h2_typography-font-family);--awb-caption-title-font-weight:var(--h2_typography-font-weight);--awb-caption-title-font-style:var(--h2_typography-font-style);--awb-caption-title-size:var(--h2_typography-font-size);--awb-caption-title-transform:var(--h2_typography-text-transform);--awb-caption-title-line-height:var(--h2_typography-line-height);--awb-caption-title-letter-spacing:var(--h2_typography-letter-spacing);\"><span class=\" fusion-imageframe imageframe-none imageframe-3 hover-type-none\"><img decoding=\"async\" width=\"640\" height=\"469\" title=\"car_boot_sale_newsletter\" src=\"https:\/\/www.mgcarclub.lu\/wp-content\/uploads\/2024\/04\/car_boot_sale_newsletter.png\" data-orig-src=\"https:\/\/www.mgcarclub.lu\/wp-content\/uploads\/2024\/04\/car_boot_sale_newsletter.png\" alt class=\"lazyload img-responsive wp-image-8269\" srcset=\"data:image\/svg+xml,%3Csvg%20xmlns%3D%27http%3A%2F%2Fwww.w3.org%2F2000%2Fsvg%27%20width%3D%27640%27%20height%3D%27469%27%20viewBox%3D%270%200%20640%20469%27%3E%3Crect%20width%3D%27640%27%20height%3D%27469%27%20fill-opacity%3D%220%22%2F%3E%3C%2Fsvg%3E\" data-srcset=\"https:\/\/www.mgcarclub.lu\/wp-content\/uploads\/2024\/04\/car_boot_sale_newsletter-200x147.png 200w, https:\/\/www.mgcarclub.lu\/wp-content\/uploads\/2024\/04\/car_boot_sale_newsletter-400x293.png 400w, https:\/\/www.mgcarclub.lu\/wp-content\/uploads\/2024\/04\/car_boot_sale_newsletter-600x440.png 600w, https:\/\/www.mgcarclub.lu\/wp-content\/uploads\/2024\/04\/car_boot_sale_newsletter.png 640w\" data-sizes=\"auto\" data-orig-sizes=\"(max-width: 1024px) 100vw, (max-width: 640px) 100vw, 600px\" \/><\/span><\/div><div class=\"fusion-text fusion-text-2\" style=\"--awb-margin-top:30px;\"><h3>British Ladies Club &#8211; March\u00e9 aux puces<\/h3>\n<h2>Samedi 18 mai 2024 au Kirchberg, parking Adenauer<\/h2>\n<p>Le British Ladies Club Luxembourg c\u00e9l\u00e8bre cette ann\u00e9e la 30e \u00e9dition du Great BLC Car Boot Sale, et a invit\u00e9 le MG Car Club \u00e0 y participer et \u00e0 pr\u00e9senter ses classiques britanniques.<\/p>\n<p>Le 18 mai, nous nous retrouverons pour le petit-d\u00e9jeuner \u00e0 partir de 9 heures au parking Adenauer sur le Kirchberg. Nous vous proposerons des croissants, du caf\u00e9 et bien s\u00fbr du th\u00e9.<\/p>\n<p><a href=\"http:\/\/www.mgcarclub.lu\/blc\/\">Veuillez vous inscrire ici<\/a> ou envoyer un message \u00e0 Andy au 621 216 248.<\/p>\n<\/div><div class=\"fusion-separator fusion-full-width-sep\" style=\"align-self: center;margin-left: auto;margin-right: auto;margin-top:10px;margin-bottom:40px;width:100%;\"><div class=\"fusion-separator-border sep-single sep-solid\" style=\"--awb-height:20px;--awb-amount:20px;--awb-sep-color:#000000;border-color:#000000;border-top-width:1px;\"><\/div><\/div><div class=\"fusion-image-element \" style=\"text-align:center;--awb-caption-title-font-family:var(--h2_typography-font-family);--awb-caption-title-font-weight:var(--h2_typography-font-weight);--awb-caption-title-font-style:var(--h2_typography-font-style);--awb-caption-title-size:var(--h2_typography-font-size);--awb-caption-title-transform:var(--h2_typography-text-transform);--awb-caption-title-line-height:var(--h2_typography-line-height);--awb-caption-title-letter-spacing:var(--h2_typography-letter-spacing);\"><span class=\" fusion-imageframe imageframe-none imageframe-4 hover-type-none\"><img decoding=\"async\" width=\"726\" height=\"288\" title=\"Kniwweldag\" src=\"https:\/\/www.mgcarclub.lu\/wp-content\/uploads\/2024\/04\/Kniwweldag.jpg\" data-orig-src=\"https:\/\/www.mgcarclub.lu\/wp-content\/uploads\/2024\/04\/Kniwweldag.jpg\" alt class=\"lazyload img-responsive wp-image-8285\" srcset=\"data:image\/svg+xml,%3Csvg%20xmlns%3D%27http%3A%2F%2Fwww.w3.org%2F2000%2Fsvg%27%20width%3D%27726%27%20height%3D%27288%27%20viewBox%3D%270%200%20726%20288%27%3E%3Crect%20width%3D%27726%27%20height%3D%27288%27%20fill-opacity%3D%220%22%2F%3E%3C%2Fsvg%3E\" data-srcset=\"https:\/\/www.mgcarclub.lu\/wp-content\/uploads\/2024\/04\/Kniwweldag-200x79.jpg 200w, https:\/\/www.mgcarclub.lu\/wp-content\/uploads\/2024\/04\/Kniwweldag-400x159.jpg 400w, https:\/\/www.mgcarclub.lu\/wp-content\/uploads\/2024\/04\/Kniwweldag-600x238.jpg 600w, https:\/\/www.mgcarclub.lu\/wp-content\/uploads\/2024\/04\/Kniwweldag.jpg 726w\" data-sizes=\"auto\" data-orig-sizes=\"(max-width: 1024px) 100vw, (max-width: 640px) 100vw, 600px\" \/><\/span><\/div><div class=\"fusion-text fusion-text-3\" style=\"--awb-margin-top:30px;\"><h3>Kniwweldag<\/h3>\n<h2>Journ\u00e9e de r\u00e9paration &#8211; samedi 11 mai 2024 \u00e0 Perl\u00e9<\/h2>\n<p>Vous avez un probl\u00e8me avec votre voiture ? Vous souhaitez acqu\u00e9rir des comp\u00e9tences manuelles ? Le Kniwweldag \u00e0 Perl\u00e9 est alors l&rsquo;endroit id\u00e9al pour vous.<\/p>\n<p>Notre premier \u00e9v\u00e9nement de cette ann\u00e9e aura lieu le 11 mai \u00e0 Perl\u00e9 avec Sonia et Yves. Veuillez vous inscrire \u00e0 l&rsquo;avance et d\u00e9crire ce que vous aimeriez faire faire \u00e0 votre voiture. Nous vous contacterons ensuite pour discuter de tout le reste.<\/p>\n<p>Vous \u00eates \u00e9galement invit\u00e9s \u00e0 venir pour discuter ou bien juste de regarder et de garder vos mains dans les poches de votre pantalon si vous le d\u00e9sirez&#8230; \ud83d\ude0a<\/p>\n<p><strong>Chaque participant doit apporter ses propres pi\u00e8ces de rechange et, si possible, ses propres outils.<\/strong><\/p>\n<p><a href=\"https:\/\/www.mgcarclub.lu\/wp-content\/uploads\/2024\/03\/Survey-may-2024-01-Perle.pdf\">Veuillez vous inscrire en utilisant ce formulaire<\/a> et l&rsquo;envoyer compl\u00e9t\u00e9 par e-mail \u00e0 mgcarclubluxemburg@gmail.com ou par photo via Whatsapp : 621 790 027<br \/>\n<strong>Inscription au plus tard le dimanche 5 mai 2024<\/strong><\/p>\n<\/div><div class=\"fusion-separator fusion-full-width-sep\" style=\"align-self: center;margin-left: auto;margin-right: auto;margin-top:10px;margin-bottom:40px;width:100%;\"><div class=\"fusion-separator-border sep-single sep-solid\" style=\"--awb-height:20px;--awb-amount:20px;--awb-sep-color:#000000;border-color:#000000;border-top-width:1px;\"><\/div><\/div><div class=\"fusion-image-element \" style=\"text-align:center;--awb-caption-title-font-family:var(--h2_typography-font-family);--awb-caption-title-font-weight:var(--h2_typography-font-weight);--awb-caption-title-font-style:var(--h2_typography-font-style);--awb-caption-title-size:var(--h2_typography-font-size);--awb-caption-title-transform:var(--h2_typography-text-transform);--awb-caption-title-line-height:var(--h2_typography-line-height);--awb-caption-title-letter-spacing:var(--h2_typography-letter-spacing);\"><span class=\" fusion-imageframe imageframe-none imageframe-5 hover-type-none\"><img decoding=\"async\" width=\"726\" height=\"288\" title=\"Diekirch_Finissage\" src=\"https:\/\/www.mgcarclub.lu\/wp-content\/uploads\/2024\/04\/Diekirch_Finissage.jpg\" data-orig-src=\"https:\/\/www.mgcarclub.lu\/wp-content\/uploads\/2024\/04\/Diekirch_Finissage.jpg\" alt class=\"lazyload img-responsive wp-image-8273\" srcset=\"data:image\/svg+xml,%3Csvg%20xmlns%3D%27http%3A%2F%2Fwww.w3.org%2F2000%2Fsvg%27%20width%3D%27726%27%20height%3D%27288%27%20viewBox%3D%270%200%20726%20288%27%3E%3Crect%20width%3D%27726%27%20height%3D%27288%27%20fill-opacity%3D%220%22%2F%3E%3C%2Fsvg%3E\" data-srcset=\"https:\/\/www.mgcarclub.lu\/wp-content\/uploads\/2024\/04\/Diekirch_Finissage-200x79.jpg 200w, https:\/\/www.mgcarclub.lu\/wp-content\/uploads\/2024\/04\/Diekirch_Finissage-400x159.jpg 400w, https:\/\/www.mgcarclub.lu\/wp-content\/uploads\/2024\/04\/Diekirch_Finissage-600x238.jpg 600w, https:\/\/www.mgcarclub.lu\/wp-content\/uploads\/2024\/04\/Diekirch_Finissage.jpg 726w\" data-sizes=\"auto\" data-orig-sizes=\"(max-width: 1024px) 100vw, (max-width: 640px) 100vw, 600px\" \/><\/span><\/div><div class=\"fusion-text fusion-text-4\" style=\"--awb-margin-top:30px;\"><p>Tout doit avoir une fin&#8230;<\/p>\n<p>Le 28 avril, une ann\u00e9e passionnante s&rsquo;ach\u00e8ve et nos voitures doivent faire place \u00e0 la nouvelle exposition Robert Opron au CNVH. Nous rendrons les premi\u00e8res voitures \u00e0 leurs propri\u00e9taires et vous inviterons \u00e0 un finissage non officiel.<\/p>\n<p>Le dimanche, nous nous r\u00e9unirons au mus\u00e9e \u00e0 partir de 16 heures, nous ferons le bilan de l&rsquo;ann\u00e9e et nous porterons un toast \u00e0 la deuxi\u00e8me ann\u00e9e des c\u00e9l\u00e9brations du centenaire. Venez voir l&rsquo;exposition une derni\u00e8re fois !<\/p>\n<\/div><div class=\"fusion-separator fusion-full-width-sep\" style=\"align-self: center;margin-left: auto;margin-right: auto;margin-top:10px;margin-bottom:40px;width:100%;\"><div class=\"fusion-separator-border sep-single sep-solid\" style=\"--awb-height:20px;--awb-amount:20px;--awb-sep-color:#000000;border-color:#000000;border-top-width:1px;\"><\/div><\/div><div class=\"fusion-image-element \" style=\"text-align:center;--awb-caption-title-font-family:var(--h2_typography-font-family);--awb-caption-title-font-weight:var(--h2_typography-font-weight);--awb-caption-title-font-style:var(--h2_typography-font-style);--awb-caption-title-size:var(--h2_typography-font-size);--awb-caption-title-transform:var(--h2_typography-text-transform);--awb-caption-title-line-height:var(--h2_typography-line-height);--awb-caption-title-letter-spacing:var(--h2_typography-letter-spacing);\"><span class=\" fusion-imageframe imageframe-none imageframe-6 hover-type-none\"><img decoding=\"async\" width=\"600\" height=\"238\" title=\"GrandPrix_Bettembourg\" src=\"https:\/\/www.mgcarclub.lu\/wp-content\/uploads\/2024\/04\/GrandPrix_Bettembourg.jpg\" data-orig-src=\"https:\/\/www.mgcarclub.lu\/wp-content\/uploads\/2024\/04\/GrandPrix_Bettembourg.jpg\" alt class=\"lazyload img-responsive wp-image-8281\" srcset=\"data:image\/svg+xml,%3Csvg%20xmlns%3D%27http%3A%2F%2Fwww.w3.org%2F2000%2Fsvg%27%20width%3D%27600%27%20height%3D%27238%27%20viewBox%3D%270%200%20600%20238%27%3E%3Crect%20width%3D%27600%27%20height%3D%27238%27%20fill-opacity%3D%220%22%2F%3E%3C%2Fsvg%3E\" data-srcset=\"https:\/\/www.mgcarclub.lu\/wp-content\/uploads\/2024\/04\/GrandPrix_Bettembourg-200x79.jpg 200w, https:\/\/www.mgcarclub.lu\/wp-content\/uploads\/2024\/04\/GrandPrix_Bettembourg-400x159.jpg 400w, https:\/\/www.mgcarclub.lu\/wp-content\/uploads\/2024\/04\/GrandPrix_Bettembourg.jpg 600w\" data-sizes=\"auto\" data-orig-sizes=\"(max-width: 1024px) 100vw, (max-width: 640px) 100vw, 600px\" \/><\/span><\/div><div class=\"fusion-text fusion-text-5\" style=\"--awb-margin-top:30px;\"><p>Enfin, une bonne cause : le 29 juin, le Lions Club Bettembourg et l&rsquo;Amicale Sporting Club Bettembourg lanceront leur Grand Prix de Bettembourg.<\/p>\n<p>Les premiers v\u00e9hicules arriveront et recevront leurs documents \u00e0 partir de 12h30.<\/p>\n<p>Tous les frais d&rsquo;inscription seront revers\u00e9s \u00e0 l&rsquo;association Avis aux amateurs.<\/p>\n<p>Vous <a href=\"https:\/\/www.mgcarclub.lu\/mailing\/2024\/Grand_Prix_de_Bettembourg_2024.pdf\">trouverez plus d&rsquo;informations en cliquant ici<\/a>.<\/p>\n<\/div><div class=\"fusion-separator fusion-full-width-sep\" style=\"align-self: center;margin-left: auto;margin-right: auto;margin-top:10px;margin-bottom:40px;width:100%;\"><div class=\"fusion-separator-border sep-single sep-solid\" style=\"--awb-height:20px;--awb-amount:20px;--awb-sep-color:#000000;border-color:#000000;border-top-width:1px;\"><\/div><\/div><div class=\"fusion-image-element \" style=\"text-align:center;--awb-margin-bottom:0px;--awb-caption-title-font-family:var(--h2_typography-font-family);--awb-caption-title-font-weight:var(--h2_typography-font-weight);--awb-caption-title-font-style:var(--h2_typography-font-style);--awb-caption-title-size:var(--h2_typography-font-size);--awb-caption-title-transform:var(--h2_typography-text-transform);--awb-caption-title-line-height:var(--h2_typography-line-height);--awb-caption-title-letter-spacing:var(--h2_typography-letter-spacing);\"><span class=\" fusion-imageframe imageframe-none imageframe-7 hover-type-none\"><img decoding=\"async\" width=\"514\" height=\"580\" title=\"calender_05-1\" src=\"https:\/\/www.mgcarclub.lu\/wp-content\/uploads\/2024\/04\/calender_05-1.jpg\" data-orig-src=\"https:\/\/www.mgcarclub.lu\/wp-content\/uploads\/2024\/04\/calender_05-1.jpg\" alt class=\"lazyload img-responsive wp-image-8296\" srcset=\"data:image\/svg+xml,%3Csvg%20xmlns%3D%27http%3A%2F%2Fwww.w3.org%2F2000%2Fsvg%27%20width%3D%27514%27%20height%3D%27580%27%20viewBox%3D%270%200%20514%20580%27%3E%3Crect%20width%3D%27514%27%20height%3D%27580%27%20fill-opacity%3D%220%22%2F%3E%3C%2Fsvg%3E\" data-srcset=\"https:\/\/www.mgcarclub.lu\/wp-content\/uploads\/2024\/04\/calender_05-1-200x226.jpg 200w, https:\/\/www.mgcarclub.lu\/wp-content\/uploads\/2024\/04\/calender_05-1-400x451.jpg 400w, https:\/\/www.mgcarclub.lu\/wp-content\/uploads\/2024\/04\/calender_05-1.jpg 514w\" data-sizes=\"auto\" data-orig-sizes=\"(max-width: 1024px) 100vw, (max-width: 640px) 100vw, 514px\" \/><\/span><\/div><div class=\"fusion-image-element \" style=\"text-align:center;--awb-margin-top:0px;--awb-margin-bottom:0px;--awb-caption-title-font-family:var(--h2_typography-font-family);--awb-caption-title-font-weight:var(--h2_typography-font-weight);--awb-caption-title-font-style:var(--h2_typography-font-style);--awb-caption-title-size:var(--h2_typography-font-size);--awb-caption-title-transform:var(--h2_typography-text-transform);--awb-caption-title-line-height:var(--h2_typography-line-height);--awb-caption-title-letter-spacing:var(--h2_typography-letter-spacing);\"><span class=\" fusion-imageframe imageframe-none imageframe-8 hover-type-none\"><img decoding=\"async\" width=\"514\" height=\"843\" title=\"calender_05-2\" src=\"https:\/\/www.mgcarclub.lu\/wp-content\/uploads\/2024\/04\/calender_05-2.jpg\" data-orig-src=\"https:\/\/www.mgcarclub.lu\/wp-content\/uploads\/2024\/04\/calender_05-2.jpg\" alt class=\"lazyload img-responsive wp-image-8300\" srcset=\"data:image\/svg+xml,%3Csvg%20xmlns%3D%27http%3A%2F%2Fwww.w3.org%2F2000%2Fsvg%27%20width%3D%27514%27%20height%3D%27843%27%20viewBox%3D%270%200%20514%20843%27%3E%3Crect%20width%3D%27514%27%20height%3D%27843%27%20fill-opacity%3D%220%22%2F%3E%3C%2Fsvg%3E\" data-srcset=\"https:\/\/www.mgcarclub.lu\/wp-content\/uploads\/2024\/04\/calender_05-2-200x328.jpg 200w, https:\/\/www.mgcarclub.lu\/wp-content\/uploads\/2024\/04\/calender_05-2-400x656.jpg 400w, https:\/\/www.mgcarclub.lu\/wp-content\/uploads\/2024\/04\/calender_05-2.jpg 514w\" data-sizes=\"auto\" data-orig-sizes=\"(max-width: 1024px) 100vw, (max-width: 640px) 100vw, 514px\" \/><\/span><\/div><div class=\"fusion-image-element \" style=\"text-align:center;--awb-margin-top:0px;--awb-margin-bottom:0px;--awb-caption-title-font-family:var(--h2_typography-font-family);--awb-caption-title-font-weight:var(--h2_typography-font-weight);--awb-caption-title-font-style:var(--h2_typography-font-style);--awb-caption-title-size:var(--h2_typography-font-size);--awb-caption-title-transform:var(--h2_typography-text-transform);--awb-caption-title-line-height:var(--h2_typography-line-height);--awb-caption-title-letter-spacing:var(--h2_typography-letter-spacing);\"><span class=\" fusion-imageframe imageframe-none imageframe-9 hover-type-none\"><img decoding=\"async\" width=\"514\" height=\"551\" title=\"calender_05-3_2\" src=\"https:\/\/www.mgcarclub.lu\/wp-content\/uploads\/2024\/04\/calender_05-3_2.jpg\" data-orig-src=\"https:\/\/www.mgcarclub.lu\/wp-content\/uploads\/2024\/04\/calender_05-3_2.jpg\" alt class=\"lazyload img-responsive wp-image-8304\" srcset=\"data:image\/svg+xml,%3Csvg%20xmlns%3D%27http%3A%2F%2Fwww.w3.org%2F2000%2Fsvg%27%20width%3D%27514%27%20height%3D%27551%27%20viewBox%3D%270%200%20514%20551%27%3E%3Crect%20width%3D%27514%27%20height%3D%27551%27%20fill-opacity%3D%220%22%2F%3E%3C%2Fsvg%3E\" data-srcset=\"https:\/\/www.mgcarclub.lu\/wp-content\/uploads\/2024\/04\/calender_05-3_2-200x214.jpg 200w, https:\/\/www.mgcarclub.lu\/wp-content\/uploads\/2024\/04\/calender_05-3_2-400x429.jpg 400w, https:\/\/www.mgcarclub.lu\/wp-content\/uploads\/2024\/04\/calender_05-3_2.jpg 514w\" data-sizes=\"auto\" data-orig-sizes=\"(max-width: 1024px) 100vw, (max-width: 640px) 100vw, 514px\" \/><\/span><\/div><\/div><\/div><div class=\"fusion-layout-column fusion_builder_column fusion-builder-column-2 fusion_builder_column_1_4 1_4 fusion-flex-column\" style=\"--awb-bg-size:cover;--awb-width-large:25%;--awb-margin-top-large:0px;--awb-spacing-right-large:7.68%;--awb-margin-bottom-large:20px;--awb-spacing-left-large:7.68%;--awb-width-medium:100%;--awb-order-medium:0;--awb-spacing-right-medium:1.92%;--awb-spacing-left-medium:1.92%;--awb-width-small:100%;--awb-order-small:0;--awb-spacing-right-small:1.92%;--awb-spacing-left-small:1.92%;\"><div class=\"fusion-column-wrapper fusion-column-has-shadow fusion-flex-justify-content-flex-start fusion-content-layout-column\"><\/div><\/div><\/div><\/div>\n","protected":false},"excerpt":{"rendered":"","protected":false},"author":1,"featured_media":0,"parent":0,"menu_order":0,"comment_status":"closed","ping_status":"closed","template":"","meta":{"footnotes":""},"class_list":["post-8307","page","type-page","status-publish","hentry"],"_links":{"self":[{"href":"https:\/\/www.mgcarclub.lu\/fr\/wp-json\/wp\/v2\/pages\/8307","targetHints":{"allow":["GET"]}}],"collection":[{"href":"https:\/\/www.mgcarclub.lu\/fr\/wp-json\/wp\/v2\/pages"}],"about":[{"href":"https:\/\/www.mgcarclub.lu\/fr\/wp-json\/wp\/v2\/types\/page"}],"author":[{"embeddable":true,"href":"https:\/\/www.mgcarclub.lu\/fr\/wp-json\/wp\/v2\/users\/1"}],"replies":[{"embeddable":true,"href":"https:\/\/www.mgcarclub.lu\/fr\/wp-json\/wp\/v2\/comments?post=8307"}],"version-history":[{"count":12,"href":"https:\/\/www.mgcarclub.lu\/fr\/wp-json\/wp\/v2\/pages\/8307\/revisions"}],"predecessor-version":[{"id":8319,"href":"https:\/\/www.mgcarclub.lu\/fr\/wp-json\/wp\/v2\/pages\/8307\/revisions\/8319"}],"wp:attachment":[{"href":"https:\/\/www.mgcarclub.lu\/fr\/wp-json\/wp\/v2\/media?parent=8307"}],"curies":[{"name":"wp","href":"https:\/\/api.w.org\/{rel}","templated":true}]}}