{"id":7615,"date":"2023-11-24T09:47:02","date_gmt":"2023-11-24T08:47:02","guid":{"rendered":"https:\/\/www.mgcarclub.lu\/cout\/"},"modified":"2023-11-27T21:56:04","modified_gmt":"2023-11-27T20:56:04","slug":"cout","status":"publish","type":"page","link":"https:\/\/www.mgcarclub.lu\/fr\/cout\/","title":{"rendered":"Co\u00fbt"},"content":{"rendered":"<div class=\"fusion-fullwidth fullwidth-box fusion-builder-row-1 fusion-flex-container has-pattern-background has-mask-background nonhundred-percent-fullwidth non-hundred-percent-height-scrolling\" style=\"--awb-border-radius-top-left:0px;--awb-border-radius-top-right:0px;--awb-border-radius-bottom-right:0px;--awb-border-radius-bottom-left:0px;--awb-padding-top:30px;--awb-padding-bottom:0px;--awb-flex-wrap:wrap;\" ><div class=\"fusion-builder-row fusion-row fusion-flex-align-items-flex-start fusion-flex-content-wrap\" style=\"max-width:1216.8px;margin-left: calc(-4% \/ 2 );margin-right: calc(-4% \/ 2 );\"><div class=\"fusion-layout-column fusion_builder_column fusion-builder-column-0 fusion_builder_column_1_6 1_6 fusion-flex-column\" style=\"--awb-bg-size:cover;--awb-width-large:16.666666666667%;--awb-margin-top-large:0px;--awb-spacing-right-large:11.52%;--awb-margin-bottom-large:20px;--awb-spacing-left-large:11.52%;--awb-width-medium:100%;--awb-order-medium:0;--awb-spacing-right-medium:1.92%;--awb-spacing-left-medium:1.92%;--awb-width-small:100%;--awb-order-small:0;--awb-spacing-right-small:1.92%;--awb-spacing-left-small:1.92%;\"><div class=\"fusion-column-wrapper fusion-column-has-shadow fusion-flex-justify-content-flex-start fusion-content-layout-column\"><\/div><\/div><div class=\"fusion-layout-column fusion_builder_column fusion-builder-column-1 fusion_builder_column_2_3 2_3 fusion-flex-column\" style=\"--awb-bg-size:cover;--awb-width-large:66.666666666667%;--awb-margin-top-large:0px;--awb-spacing-right-large:2.88%;--awb-margin-bottom-large:20px;--awb-spacing-left-large:2.88%;--awb-width-medium:100%;--awb-order-medium:0;--awb-spacing-right-medium:1.92%;--awb-spacing-left-medium:1.92%;--awb-width-small:100%;--awb-order-small:0;--awb-spacing-right-small:1.92%;--awb-spacing-left-small:1.92%;\" data-scroll-devices=\"small-visibility,medium-visibility,large-visibility\"><div class=\"fusion-column-wrapper fusion-column-has-shadow fusion-flex-justify-content-flex-start fusion-content-layout-column\"><div class=\"fusion-title title fusion-title-1 fusion-title-text fusion-title-size-one\" style=\"--awb-margin-top-small:0px;--awb-margin-bottom-small:20px;\"><div class=\"title-sep-container title-sep-container-left fusion-no-large-visibility fusion-no-medium-visibility fusion-no-small-visibility\"><div class=\"title-sep sep- sep-solid\" style=\"border-color:var(--awb-color3);\"><\/div><\/div><span class=\"awb-title-spacer fusion-no-large-visibility fusion-no-medium-visibility fusion-no-small-visibility\"><\/span><h1 class=\"fusion-title-heading title-heading-left fusion-responsive-typography-calculated\" style=\"margin:0;text-transform:none;--fontSize:36;line-height:var(--awb-typography1-line-height);\">Co\u00fbt de la r\u00e9union<\/h1><span class=\"awb-title-spacer\"><\/span><div class=\"title-sep-container title-sep-container-right\"><div class=\"title-sep sep- sep-solid\" style=\"border-color:var(--awb-color3);\"><\/div><\/div><\/div><div class=\"fusion-text fusion-text-1 fusion-text-no-margin\" style=\"--awb-margin-bottom:30px;\"><p>Tous les prix ne sont pas disponibles au moment de la publication des r\u00e9servations. Cela s&rsquo;explique par le fait que nous avons d\u00fb planifier \u00e0 tr\u00e8s court terme et que nous disposions de peu de temps.<br \/>\nCependant, 90% des prix sont disponibles, mais cela ne nous permet pas de fixer un prix sans risque, car nous calculons nos prix de mani\u00e8re tr\u00e8s serr\u00e9e.<br \/>\nC&rsquo;est pourquoi, \u00e0 l&rsquo;instar du MG Club de France, nous avons d\u00e9cid\u00e9 de travailler avec des fourchettes de prix. Ces fourchettes de prix sont de +\/- 50 \u20ac par personne.<\/p>\n<\/div><div class=\"fusion-image-element \" style=\"text-align:center;--awb-margin-bottom:30px;--awb-max-width:500px;--awb-caption-title-font-family:var(--h2_typography-font-family);--awb-caption-title-font-weight:var(--h2_typography-font-weight);--awb-caption-title-font-style:var(--h2_typography-font-style);--awb-caption-title-size:var(--h2_typography-font-size);--awb-caption-title-transform:var(--h2_typography-text-transform);--awb-caption-title-line-height:var(--h2_typography-line-height);--awb-caption-title-letter-spacing:var(--h2_typography-letter-spacing);\"><span class=\" fusion-imageframe imageframe-none imageframe-1 hover-type-none fusion-animated\" data-animationType=\"fadeInLeft\" data-animationDuration=\"0.7\" data-animationOffset=\"top-into-view\"><img decoding=\"async\" width=\"812\" height=\"167\" title=\"pricerange\" src=\"https:\/\/www.mgcarclub.lu\/wp-content\/uploads\/2023\/11\/pricerange.png\" data-orig-src=\"https:\/\/www.mgcarclub.lu\/wp-content\/uploads\/2023\/11\/pricerange.png\" alt class=\"lazyload img-responsive wp-image-7407\" srcset=\"data:image\/svg+xml,%3Csvg%20xmlns%3D%27http%3A%2F%2Fwww.w3.org%2F2000%2Fsvg%27%20width%3D%27812%27%20height%3D%27167%27%20viewBox%3D%270%200%20812%20167%27%3E%3Crect%20width%3D%27812%27%20height%3D%27167%27%20fill-opacity%3D%220%22%2F%3E%3C%2Fsvg%3E\" data-srcset=\"https:\/\/www.mgcarclub.lu\/wp-content\/uploads\/2023\/11\/pricerange-200x41.png 200w, https:\/\/www.mgcarclub.lu\/wp-content\/uploads\/2023\/11\/pricerange-400x82.png 400w, https:\/\/www.mgcarclub.lu\/wp-content\/uploads\/2023\/11\/pricerange-600x123.png 600w, https:\/\/www.mgcarclub.lu\/wp-content\/uploads\/2023\/11\/pricerange-800x165.png 800w, https:\/\/www.mgcarclub.lu\/wp-content\/uploads\/2023\/11\/pricerange.png 812w\" data-sizes=\"auto\" data-orig-sizes=\"(max-width: 1024px) 100vw, (max-width: 640px) 100vw, 800px\" \/><\/span><\/div><div class=\"fusion-text fusion-text-2 fusion-text-no-margin\" style=\"--awb-margin-bottom:30px;\"><p>Vous trouverez ci-dessous un tableau avec une vue d&rsquo;ensemble des forfaits r\u00e9servables et leur fourchette de prix.<\/p>\n<p><strong>Important : les prix ne comprennent que les d\u00e9penses li\u00e9es \u00e0 l&rsquo;\u00e9v\u00e9nement, telles que d\u00e9crites ci-dessous. Les frais d&rsquo;h\u00f4tel sont \u00e0 r\u00e9gler s\u00e9par\u00e9ment.<\/strong><\/p>\n<\/div><div class=\"fusion-image-element \" style=\"--awb-caption-title-font-family:var(--h2_typography-font-family);--awb-caption-title-font-weight:var(--h2_typography-font-weight);--awb-caption-title-font-style:var(--h2_typography-font-style);--awb-caption-title-size:var(--h2_typography-font-size);--awb-caption-title-transform:var(--h2_typography-text-transform);--awb-caption-title-line-height:var(--h2_typography-line-height);--awb-caption-title-letter-spacing:var(--h2_typography-letter-spacing);\"><span class=\" fusion-imageframe imageframe-none imageframe-2 hover-type-none\"><img decoding=\"async\" width=\"814\" height=\"180\" title=\"price_table_en\" src=\"data:image\/svg+xml,%3Csvg%20xmlns%3D%27http%3A%2F%2Fwww.w3.org%2F2000%2Fsvg%27%20width%3D%27814%27%20height%3D%27180%27%20viewBox%3D%270%200%20814%20180%27%3E%3Crect%20width%3D%27814%27%20height%3D%27180%27%20fill-opacity%3D%220%22%2F%3E%3C%2Fsvg%3E\" data-orig-src=\"https:\/\/www.mgcarclub.lu\/wp-content\/uploads\/2023\/11\/price_table_en.jpg\" alt class=\"lazyload img-responsive wp-image-7397\"\/><\/span><\/div><div class=\"fusion-text fusion-text-3\"><h4>Pour ces tarifs, nous offrons une r\u00e9duction de 25 % pour les participants jusqu&rsquo;\u00e0 27 ans et une r\u00e9duction de 50 % pour les enfants de 2 \u00e0 14 ans.<\/h4>\n<h4>Co\u00fbt total de la r\u00e9union<\/h4>\n<p>Pour calculer le co\u00fbt total de la r\u00e9union, vous devez prendre le co\u00fbt de l&rsquo;\u00e9v\u00e9nement + le co\u00fbt de votre h\u00e9bergement. Dans le cas du Parc Hotel Alvisse, le co\u00fbt total pour 2 personnes pendant toute la dur\u00e9e de la r\u00e9union sera compris entre 1067 \u20ac et 1167 \u20ac.<\/p>\n<h4>D&rsquo;o\u00f9 viennent ces co\u00fbts ?<\/h4>\n<p>Les prix ont d\u00e9j\u00e0 \u00e9t\u00e9 fix\u00e9s pour la majorit\u00e9 des \u00e9l\u00e9ments de notre calcul. Il s&rsquo;agit de choses telles que le panneau du rallye, le mat\u00e9riel imprim\u00e9, nos frais d&rsquo;h\u00f4tel pour l&rsquo;\u00e9v\u00e9nement, les gardiens de parking, la piste de karting et les divertissements pendant le d\u00eener de gala. D&rsquo;autres co\u00fbts ne sont pas encore confirm\u00e9s \u00e0 100 %, comme la restauration le vendredi et le samedi, ou simplement des r\u00e9serves pour les impr\u00e9vus. Nous souhaitons nous assurer de ces co\u00fbts, c&rsquo;est pourquoi nous ne pourrons annoncer le prix d\u00e9finitif que dans le courant du mois de janvier.<\/p>\n<h4>R\u00e9servation et d\u00e9p\u00f4t<\/h4>\n<p>Une fois que vous avez choisi un forfait et un voyage, vous pouvez vous inscrire sur la page \u00ab\u00a0Inscription\u00a0\u00bb. Elle sera activ\u00e9e jeudi prochain \u00e0 9 heures. \u00c0 la fin de la proc\u00e9dure de r\u00e9servation, vous recevrez un num\u00e9ro de compte sur lequel vous devrez verser un acompte de 100 euros pour garantir votre r\u00e9servation.<br \/>\nD&rsquo;ici la fin du mois de janvier, les prix d\u00e9finitifs seront fix\u00e9s et vous recevrez des informations de notre part ainsi que des instructions sur la mani\u00e8re d&rsquo;effectuer le paiement final.<br \/>\nCette proc\u00e9dure a fait ses preuves pour les r\u00e9unions internationales en France et nous esp\u00e9rons qu&rsquo;elle vous conviendra \u00e9galement.<\/p>\n<h4>Activit\u00e9s lors du circuit de d\u00e9couverte du Luxembourg et le dimanche matin<\/h4>\n<p>Au cours des prochains mois, nous mettrons au point les itin\u00e9raires du circuit de d\u00e9couverte du Luxembourg, qui comprendra certainement un ou deux sites d&rsquo;int\u00e9r\u00eat, tels que des ch\u00e2teaux ou des mus\u00e9es. Avec plus de 500 participants, il est impossible d&rsquo;offrir des visites individuelles \u00e0 chacun et de les r\u00e9aliser dans un d\u00e9lai raisonnable, c&rsquo;est pourquoi toutes ces offres sont volontaires et ne sont pas incluses dans le prix.<br \/>\nCeci s&rsquo;applique \u00e9galement aux activit\u00e9s du dimanche matin, voir le programme.<\/p>\n<\/div><\/div><\/div><div class=\"fusion-layout-column fusion_builder_column fusion-builder-column-2 fusion_builder_column_1_6 1_6 fusion-flex-column\" style=\"--awb-bg-size:cover;--awb-width-large:16.666666666667%;--awb-margin-top-large:0px;--awb-spacing-right-large:11.52%;--awb-margin-bottom-large:20px;--awb-spacing-left-large:11.52%;--awb-width-medium:100%;--awb-order-medium:0;--awb-spacing-right-medium:1.92%;--awb-spacing-left-medium:1.92%;--awb-width-small:100%;--awb-order-small:0;--awb-spacing-right-small:1.92%;--awb-spacing-left-small:1.92%;\"><div class=\"fusion-column-wrapper fusion-column-has-shadow fusion-flex-justify-content-flex-start fusion-content-layout-column\"><\/div><\/div><\/div><\/div>\n","protected":false},"excerpt":{"rendered":"","protected":false},"author":1,"featured_media":0,"parent":0,"menu_order":0,"comment_status":"closed","ping_status":"closed","template":"100-width.php","meta":{"footnotes":""},"class_list":["post-7615","page","type-page","status-publish","hentry"],"_links":{"self":[{"href":"https:\/\/www.mgcarclub.lu\/fr\/wp-json\/wp\/v2\/pages\/7615","targetHints":{"allow":["GET"]}}],"collection":[{"href":"https:\/\/www.mgcarclub.lu\/fr\/wp-json\/wp\/v2\/pages"}],"about":[{"href":"https:\/\/www.mgcarclub.lu\/fr\/wp-json\/wp\/v2\/types\/page"}],"author":[{"embeddable":true,"href":"https:\/\/www.mgcarclub.lu\/fr\/wp-json\/wp\/v2\/users\/1"}],"replies":[{"embeddable":true,"href":"https:\/\/www.mgcarclub.lu\/fr\/wp-json\/wp\/v2\/comments?post=7615"}],"version-history":[{"count":4,"href":"https:\/\/www.mgcarclub.lu\/fr\/wp-json\/wp\/v2\/pages\/7615\/revisions"}],"predecessor-version":[{"id":7619,"href":"https:\/\/www.mgcarclub.lu\/fr\/wp-json\/wp\/v2\/pages\/7615\/revisions\/7619"}],"wp:attachment":[{"href":"https:\/\/www.mgcarclub.lu\/fr\/wp-json\/wp\/v2\/media?parent=7615"}],"curies":[{"name":"wp","href":"https:\/\/api.w.org\/{rel}","templated":true}]}}