{"id":7598,"date":"2023-11-22T20:18:51","date_gmt":"2023-11-22T19:18:51","guid":{"rendered":"https:\/\/www.mgcarclub.lu\/programme\/"},"modified":"2023-11-27T22:45:10","modified_gmt":"2023-11-27T21:45:10","slug":"programme","status":"publish","type":"page","link":"https:\/\/www.mgcarclub.lu\/fr\/programme\/","title":{"rendered":"Programme"},"content":{"rendered":"<div class=\"fusion-fullwidth fullwidth-box fusion-builder-row-1 fusion-flex-container has-pattern-background has-mask-background nonhundred-percent-fullwidth non-hundred-percent-height-scrolling\" style=\"--awb-border-radius-top-left:0px;--awb-border-radius-top-right:0px;--awb-border-radius-bottom-right:0px;--awb-border-radius-bottom-left:0px;--awb-padding-top:30px;--awb-padding-bottom:0px;--awb-flex-wrap:wrap;\" ><div class=\"fusion-builder-row fusion-row fusion-flex-align-items-flex-start fusion-flex-content-wrap\" style=\"max-width:1216.8px;margin-left: calc(-4% \/ 2 );margin-right: calc(-4% \/ 2 );\"><div class=\"fusion-layout-column fusion_builder_column fusion-builder-column-0 fusion_builder_column_1_6 1_6 fusion-flex-column\" style=\"--awb-bg-size:cover;--awb-width-large:16.666666666667%;--awb-margin-top-large:0px;--awb-spacing-right-large:11.52%;--awb-margin-bottom-large:20px;--awb-spacing-left-large:11.52%;--awb-width-medium:100%;--awb-order-medium:0;--awb-spacing-right-medium:1.92%;--awb-spacing-left-medium:1.92%;--awb-width-small:100%;--awb-order-small:0;--awb-spacing-right-small:1.92%;--awb-spacing-left-small:1.92%;\"><div class=\"fusion-column-wrapper fusion-column-has-shadow fusion-flex-justify-content-flex-start fusion-content-layout-column\"><\/div><\/div><div class=\"fusion-layout-column fusion_builder_column fusion-builder-column-1 fusion_builder_column_2_3 2_3 fusion-flex-column\" style=\"--awb-bg-size:cover;--awb-width-large:66.666666666667%;--awb-margin-top-large:0px;--awb-spacing-right-large:2.88%;--awb-margin-bottom-large:20px;--awb-spacing-left-large:2.88%;--awb-width-medium:100%;--awb-order-medium:0;--awb-spacing-right-medium:1.92%;--awb-spacing-left-medium:1.92%;--awb-width-small:100%;--awb-order-small:0;--awb-spacing-right-small:1.92%;--awb-spacing-left-small:1.92%;\" data-scroll-devices=\"small-visibility,medium-visibility,large-visibility\"><div class=\"fusion-column-wrapper fusion-column-has-shadow fusion-flex-justify-content-flex-start fusion-content-layout-column\"><div class=\"fusion-title title fusion-title-1 fusion-title-text fusion-title-size-one\" style=\"--awb-margin-top-small:0px;--awb-margin-bottom-small:20px;\"><div class=\"title-sep-container title-sep-container-left fusion-no-large-visibility fusion-no-medium-visibility fusion-no-small-visibility\"><div class=\"title-sep sep- sep-solid\" style=\"border-color:var(--awb-color3);\"><\/div><\/div><span class=\"awb-title-spacer fusion-no-large-visibility fusion-no-medium-visibility fusion-no-small-visibility\"><\/span><h1 class=\"fusion-title-heading title-heading-left fusion-responsive-typography-calculated\" style=\"margin:0;text-transform:none;--fontSize:36;line-height:var(--awb-typography1-line-height);\">Le programme<\/h1><span class=\"awb-title-spacer\"><\/span><div class=\"title-sep-container title-sep-container-right\"><div class=\"title-sep sep- sep-solid\" style=\"border-color:var(--awb-color3);\"><\/div><\/div><\/div><div class=\"fusion-text fusion-text-1 fusion-text-no-margin\" style=\"--awb-margin-bottom:30px;\"><p>Nous avons essay\u00e9 de mettre en place un programme \u00e9quilibr\u00e9 afin que chacun y trouve son compte.<\/p>\n<p>Une journ\u00e9e est consacr\u00e9e \u00e0 la communaut\u00e9, et une autre aux randonn\u00e9es \u00e0 travers notre beau Luxembourg. Vous trouverez ici une premi\u00e8re version du programme, qui est presque termin\u00e9e.<\/p>\n<\/div><div class=\"fusion-tabs fusion-tabs-1 classic nav-is-justified horizontal-tabs icon-position-left mobile-mode-accordion\" style=\"--awb-title-border-radius-top-left:0px;--awb-title-border-radius-top-right:0px;--awb-title-border-radius-bottom-right:0px;--awb-title-border-radius-bottom-left:0px;--awb-alignment:start;--awb-inactive-color:hsla(var(--awb-color8-h),var(--awb-color8-s),calc( var(--awb-color8-l) + 96% ),var(--awb-color8-a));--awb-background-color:var(--awb-color1);--awb-border-color:var(--awb-color3);--awb-active-border-color:var(--awb-color4);\"><div class=\"nav\"><ul class=\"nav-tabs nav-justified\" role=\"tablist\"><li class=\"active\" role=\"presentation\"><a class=\"tab-link\" data-toggle=\"tab\" role=\"tab\" aria-controls=\"tab-126bfd284694e20ffb5\" aria-selected=\"true\" id=\"fusion-tab-jeudi1erao\u00fbt\" href=\"#tab-126bfd284694e20ffb5\"><h4 class=\"fusion-tab-heading\">Jeudi 1er ao\u00fbt<\/h4><\/a><\/li><li role=\"presentation\"><a class=\"tab-link\" data-toggle=\"tab\" role=\"tab\" aria-controls=\"tab-25c4a439aba6b3bcab5\" aria-selected=\"false\" tabindex=\"-1\" id=\"fusion-tab-vendredi2ao\u00fbt\" href=\"#tab-25c4a439aba6b3bcab5\"><h4 class=\"fusion-tab-heading\">Vendredi 2 ao\u00fbt<\/h4><\/a><\/li><li role=\"presentation\"><a class=\"tab-link\" data-toggle=\"tab\" role=\"tab\" aria-controls=\"tab-b3d04c092ad277c02b0\" aria-selected=\"false\" tabindex=\"-1\" id=\"fusion-tab-samedi3ao\u00fbt\" href=\"#tab-b3d04c092ad277c02b0\"><h4 class=\"fusion-tab-heading\">Samedi 3 ao\u00fbt<\/h4><\/a><\/li><li role=\"presentation\"><a class=\"tab-link\" data-toggle=\"tab\" role=\"tab\" aria-controls=\"tab-24d80e1cc18c9f62e2e\" aria-selected=\"false\" tabindex=\"-1\" id=\"fusion-tab-dimanche4ao\u00fbt\" href=\"#tab-24d80e1cc18c9f62e2e\"><h4 class=\"fusion-tab-heading\">Dimanche 4 ao\u00fbt<\/h4><\/a><\/li><\/ul><\/div><div class=\"tab-content\"><div class=\"nav fusion-mobile-tab-nav\"><ul class=\"nav-tabs nav-justified\" role=\"tablist\"><li class=\"active\" role=\"presentation\"><a class=\"tab-link\" data-toggle=\"tab\" role=\"tab\" aria-controls=\"tab-126bfd284694e20ffb5\" aria-selected=\"true\" id=\"mobile-fusion-tab-jeudi1erao\u00fbt\" href=\"#tab-126bfd284694e20ffb5\"><h4 class=\"fusion-tab-heading\">Jeudi 1er ao\u00fbt<\/h4><\/a><\/li><\/ul><\/div><div class=\"tab-pane fade fusion-clearfix in active\" role=\"tabpanel\" tabindex=\"0\" aria-labelledby=\"fusion-tab-jeudi1erao\u00fbt\" id=\"tab-126bfd284694e20ffb5\">\n<h3>Arriv\u00e9e des participants<\/h3>\n<table border=\"0\" width=\"100%\">\n<tbody>\n<tr>\n<td width=\"50%\">Certains de nos clubs voisins pr\u00e9voient un rallye au Luxembourg, et les clubs des Pays-Bas et de France sont d\u00e9j\u00e0 en train de planifier. Nous envisageons un rayon de 150 kilom\u00e8tres autour du Parc Hotel Alvisse, soit des points de d\u00e9part tels que Maastricht (NL), Namur ou Charleroi (B), Reims ou Strasbourg (FR), voire Cologne, Bonn ou Kaiserslautern. De plus amples informations seront communiqu\u00e9es ult\u00e9rieurement, car les diff\u00e9rents clubs ont encore besoin d&rsquo;un peu de temps pour se pr\u00e9parer.<\/td>\n<td width=\"50%\"><img class=\"lazyload\" decoding=\"async\" src=\"data:image\/svg+xml,%3Csvg%20xmlns%3D%27http%3A%2F%2Fwww.w3.org%2F2000%2Fsvg%27%20width%3D%27400%27%20height%3D%27400%27%20viewBox%3D%270%200%20400%20400%27%3E%3Crect%20width%3D%27400%27%20height%3D%27400%27%20fill-opacity%3D%220%22%2F%3E%3C%2Fsvg%3E\" data-orig-src=\"https:\/\/www.mgcarclub.lu\/wp-content\/uploads\/2023\/11\/staerentour_temp1.png\"><\/td>\n<\/tr>\n<\/tbody>\n<\/table>\n<h4>A partir de 16h00<\/h4>\n<p>Arriv\u00e9e des participants au Parc Hotel Alvisse \u00e0 Dommeldange. Nous vous accueillerons avec un verre et nous pourrons passer un moment ensemble au bar de l&rsquo;h\u00f4tel.<\/p>\n<h4>20:00<\/h4>\n<p>D\u00eener en commun dans une atmosph\u00e8re d\u00e9tendue. L&rsquo;h\u00f4tel sert un buffet de sandwichs vari\u00e9 avec des salades et des desserts. Les boissons standard et le caf\u00e9 sont inclus jusqu&rsquo;\u00e0 23h00.<\/p>\n<\/div><div class=\"nav fusion-mobile-tab-nav\"><ul class=\"nav-tabs nav-justified\" role=\"tablist\"><li role=\"presentation\"><a class=\"tab-link\" data-toggle=\"tab\" role=\"tab\" aria-controls=\"tab-25c4a439aba6b3bcab5\" aria-selected=\"false\" tabindex=\"-1\" id=\"mobile-fusion-tab-vendredi2ao\u00fbt\" href=\"#tab-25c4a439aba6b3bcab5\"><h4 class=\"fusion-tab-heading\">Vendredi 2 ao\u00fbt<\/h4><\/a><\/li><\/ul><\/div><div class=\"tab-pane fade fusion-clearfix\" role=\"tabpanel\" tabindex=\"0\" aria-labelledby=\"fusion-tab-vendredi2ao\u00fbt\" id=\"tab-25c4a439aba6b3bcab5\">\n<h3>Journ\u00e9e communautaire<\/h3>\n<h4>A partir de 7h00<\/h4>\n<p>Pour le petit-d\u00e9jeuner, les personnes qui ne s\u00e9journent pas au Parc Hotel peuvent r\u00e9server un petit-d\u00e9jeuner s\u00e9par\u00e9ment.<\/p>\n<h4>Vers 9h00<\/h4>\n<p>D\u00e9part pour Mondercange. Nous traversons ensemble la ville de Luxembourg et le circuit de karting de Mondercange.<\/p>\n<h4>11:00 &#8211; 15:00<br \/>\nNous passons la journ\u00e9e ensemble \u00e0 Mondercange, o\u00f9 nous pr\u00e9voyons diverses activit\u00e9s, par exemple<\/h4>\n<p>&#8211; Rocker cover Race (Course de cache-culbuteur)<br \/>\n&#8211; Concours d&rsquo;\u00e9l\u00e9gance \/ Pride of Ownership<br \/>\n&#8211; Gymkhana<br \/>\n&#8211; Karting (disponibilit\u00e9 limit\u00e9e)<br \/>\n&#8211; Tests de r\u00e9gularit\u00e9 avec nos MG sur la piste de karting<\/p>\n<p>et d&rsquo;autres faits marquants.<\/p>\n<p>Un petit d\u00e9jeuner \u00e0 emporter sera propos\u00e9 sur place pendant la pause d\u00e9jeuner.<\/p>\n<h4>15:00<\/h4>\n<p>D\u00e9part de Mondercange. Nous nous rendons dans des endroits magnifiques du sud du pays et nous organisons une visite en avant-premi\u00e8re d&rsquo;une attraction dont l&rsquo;ouverture est pr\u00e9vue en 2025. Nous y reviendrons plus tard.<\/p>\n<h4>Vers 18h00<\/h4>\n<p>Arriv\u00e9e au Parc Hotel Alvisse, ou \u00e0 vos h\u00f4tels respectifs.<\/p>\n<h4>20:00<\/h4>\n<p>D\u00eener en commun au Parc Hotel Alvisse, avec un somptueux buffet. Les boissons standard et le caf\u00e9 avec dessert sont inclus jusqu&rsquo;\u00e0 23h00.<\/p>\n<\/div><div class=\"nav fusion-mobile-tab-nav\"><ul class=\"nav-tabs nav-justified\" role=\"tablist\"><li role=\"presentation\"><a class=\"tab-link\" data-toggle=\"tab\" role=\"tab\" aria-controls=\"tab-b3d04c092ad277c02b0\" aria-selected=\"false\" tabindex=\"-1\" id=\"mobile-fusion-tab-samedi3ao\u00fbt\" href=\"#tab-b3d04c092ad277c02b0\"><h4 class=\"fusion-tab-heading\">Samedi 3 ao\u00fbt<\/h4><\/a><\/li><\/ul><\/div><div class=\"tab-pane fade fusion-clearfix\" role=\"tabpanel\" tabindex=\"0\" aria-labelledby=\"fusion-tab-samedi3ao\u00fbt\" id=\"tab-b3d04c092ad277c02b0\">\n<h3 class=\"fusion-responsive-typography-calculated\" data-fontsize=\"18\" data-lineheight=\"24.3px\">Journ\u00e9e d\u00e9couverte du Luxembourg<\/h3>\n<h4>A partir de 7h00<\/h4>\n<p>Pour le petit-d\u00e9jeuner, les personnes qui ne s\u00e9journent pas au Parc Hotel peuvent r\u00e9server un petit-d\u00e9jeuner s\u00e9par\u00e9ment.<\/p>\n<h4 class=\"fusion-responsive-typography-calculated\" data-fontsize=\"18\" data-lineheight=\"24.3px\">Vers 9h00<\/h4>\n<p>Nous empruntons deux itin\u00e9raires diff\u00e9rents (classique et confort) et roulons ensemble dans deux directions diff\u00e9rentes pour d\u00e9couvrir la campagne luxembourgeoise. Les points forts sont l&rsquo;\u00d6sling et la Moselle.<br \/>\nNous indiquerons dans votre carnet de route les plus beaux sites et points de vue le long de l&rsquo;itin\u00e9raire, que vous pourrez explorer par vous-m\u00eame.<br \/>\n\u00c0 mi-parcours, nous nous retrouverons \u00e0 Berdorf, o\u00f9 nous prendrons un l\u00e9ger d\u00e9jeuner.<\/p>\n<div class=\"fusion-image-before-after-wrapper fusion-image-before-after-horizontal type-before-after hover-type-together has-alignment align-center fusion-image-before-after-wrapper-1\" style=\"--awb-font-size:14px;--awb-bordersize:0px;--awb-accent-color-bg:hsla(var(--awb-color1-h),var(--awb-color1-s),var(--awb-color1-l),calc(var(--awb-color1-a) - 85%));--awb-element-width:100%;--awb-element-max-width:400px;--awb-transition-time:0.5s;\"><div class=\"fusion-image-before-after-element fusion-image-before-after fusion-image-before-after-container fusion-image-before-after-1\" data-offset=\"0.5\" data-orientation=\"horizontal\" data-move-with-handle-only=\"true\" data-click-to-move=\"true\"><img decoding=\"async\" class=\"fusion-image-before-after-before lazyload\" src=\"data:image\/svg+xml,%3Csvg%20xmlns%3D%27http%3A%2F%2Fwww.w3.org%2F2000%2Fsvg%27%20width%3D%27350%27%20height%3D%27502%27%20viewBox%3D%270%200%20350%20502%27%3E%3Crect%20width%3D%27350%27%20height%3D%27502%27%20fill-opacity%3D%220%22%2F%3E%3C%2Fsvg%3E\" width=\"350\" height=\"502\" data-orig-src=\"https:\/\/www.mgcarclub.lu\/wp-content\/uploads\/2023\/11\/regular_route.jpg\"><img decoding=\"async\" class=\"fusion-image-before-after-after lazyload\" src=\"data:image\/svg+xml,%3Csvg%20xmlns%3D%27http%3A%2F%2Fwww.w3.org%2F2000%2Fsvg%27%20width%3D%27350%27%20height%3D%27502%27%20viewBox%3D%270%200%20350%20502%27%3E%3Crect%20width%3D%27350%27%20height%3D%27502%27%20fill-opacity%3D%220%22%2F%3E%3C%2Fsvg%3E\" width=\"350\" height=\"502\" data-orig-src=\"https:\/\/www.mgcarclub.lu\/wp-content\/uploads\/2023\/11\/comfort_route.jpg\"><div class=\"fusion-image-before-after-handle fusion-image-before-after-handle-default\"><span class=\"fusion-image-before-after-left-arrow\"><\/span><span class=\"fusion-image-before-after-right-arrow\"><\/span><\/div><\/div><\/div>\n<h4>Vers 17h00<\/h4>\n<p>Arriv\u00e9e au Park Hotel Alvisse ou \u00e0 vos h\u00f4tels respectifs.<\/p>\n<h4>A partir de 19h00<\/h4>\n<p>Ap\u00e9ritif au bar et dans le hall de l&rsquo;h\u00f4tel. Ensemble, nous ferons le bilan de la journ\u00e9e.<\/p>\n<h4>A partir de 20h00<\/h4>\n<p>D\u00eener de gala avec entr\u00e9e et plat principal au buffet. Le caf\u00e9 pour le dessert et les boissons standard sont inclus jusqu&rsquo;\u00e0 1 heure du matin !<\/p>\n<p>Nous organisons la soir\u00e9e avec des discours divertissants, de la musique et une bo\u00eete \u00e0 photos. Nous trouverons quelque chose de sp\u00e9cial&#8230; :-)<\/p>\n<\/div><div class=\"nav fusion-mobile-tab-nav\"><ul class=\"nav-tabs nav-justified\" role=\"tablist\"><li role=\"presentation\"><a class=\"tab-link\" data-toggle=\"tab\" role=\"tab\" aria-controls=\"tab-24d80e1cc18c9f62e2e\" aria-selected=\"false\" tabindex=\"-1\" id=\"mobile-fusion-tab-dimanche4ao\u00fbt\" href=\"#tab-24d80e1cc18c9f62e2e\"><h4 class=\"fusion-tab-heading\">Dimanche 4 ao\u00fbt<\/h4><\/a><\/li><\/ul><\/div><div class=\"tab-pane fade fusion-clearfix\" role=\"tabpanel\" tabindex=\"0\" aria-labelledby=\"fusion-tab-dimanche4ao\u00fbt\" id=\"tab-24d80e1cc18c9f62e2e\">\n<h3>Adieu et programme facultatif<\/h3>\n<h4>A partir de 7h00<\/h4>\n<p>Un dernier petit d\u00e9jeuner. L\u00e0 encore, les personnes qui ne s\u00e9journent pas au Parc Hotel peuvent r\u00e9server un petit-d\u00e9jeuner s\u00e9par\u00e9ment.<\/p>\n<h4 class=\"fusion-responsive-typography-calculated\" data-fontsize=\"18\" data-lineheight=\"24.3px\">Vers 9h00<\/h4>\n<p>C&rsquo;est \u00e0 ce moment-l\u00e0 que nous disons au revoir aux premiers participants et que nous cl\u00f4turons la partie officielle de l&rsquo;\u00e9v\u00e9nement europ\u00e9en de l&rsquo;ann\u00e9e.<\/p>\n<p>Il y aura plusieurs options pour le dimanche, que nous sommes encore en train d&rsquo;\u00e9laborer \u00e0 ce stade. Il peut s&rsquo;agir de visites guid\u00e9es de la ville de Luxembourg ou d&rsquo;une visite au festival \u00ab\u00a0Vintage Cars and Bikes\u00a0\u00bb \u00e0 Steinfort, auquel nous nous rendons en voiture. Une conduite finale avec nos voitures serait \u00e9galement possible.<\/p>\n<p>Les \u00e9ventuels frais de visite ou autres ne sont pas encore inclus dans le prix et peuvent \u00eatre r\u00e9serv\u00e9s \u00e0 une date ult\u00e9rieure.<\/p>\n<\/div><\/div><\/div><\/div><\/div><div class=\"fusion-layout-column fusion_builder_column fusion-builder-column-2 fusion_builder_column_1_6 1_6 fusion-flex-column\" style=\"--awb-bg-size:cover;--awb-width-large:16.666666666667%;--awb-margin-top-large:0px;--awb-spacing-right-large:11.52%;--awb-margin-bottom-large:20px;--awb-spacing-left-large:11.52%;--awb-width-medium:100%;--awb-order-medium:0;--awb-spacing-right-medium:1.92%;--awb-spacing-left-medium:1.92%;--awb-width-small:100%;--awb-order-small:0;--awb-spacing-right-small:1.92%;--awb-spacing-left-small:1.92%;\"><div class=\"fusion-column-wrapper fusion-column-has-shadow fusion-flex-justify-content-flex-start fusion-content-layout-column\"><\/div><\/div><\/div><\/div>\n","protected":false},"excerpt":{"rendered":"","protected":false},"author":1,"featured_media":0,"parent":0,"menu_order":0,"comment_status":"closed","ping_status":"closed","template":"100-width.php","meta":{"footnotes":""},"class_list":["post-7598","page","type-page","status-publish","hentry"],"_links":{"self":[{"href":"https:\/\/www.mgcarclub.lu\/fr\/wp-json\/wp\/v2\/pages\/7598","targetHints":{"allow":["GET"]}}],"collection":[{"href":"https:\/\/www.mgcarclub.lu\/fr\/wp-json\/wp\/v2\/pages"}],"about":[{"href":"https:\/\/www.mgcarclub.lu\/fr\/wp-json\/wp\/v2\/types\/page"}],"author":[{"embeddable":true,"href":"https:\/\/www.mgcarclub.lu\/fr\/wp-json\/wp\/v2\/users\/1"}],"replies":[{"embeddable":true,"href":"https:\/\/www.mgcarclub.lu\/fr\/wp-json\/wp\/v2\/comments?post=7598"}],"version-history":[{"count":6,"href":"https:\/\/www.mgcarclub.lu\/fr\/wp-json\/wp\/v2\/pages\/7598\/revisions"}],"predecessor-version":[{"id":7695,"href":"https:\/\/www.mgcarclub.lu\/fr\/wp-json\/wp\/v2\/pages\/7598\/revisions\/7695"}],"wp:attachment":[{"href":"https:\/\/www.mgcarclub.lu\/fr\/wp-json\/wp\/v2\/media?parent=7598"}],"curies":[{"name":"wp","href":"https:\/\/api.w.org\/{rel}","templated":true}]}}